{"id":655027,"date":"2022-10-24T09:04:55","date_gmt":"2022-10-24T06:04:55","guid":{"rendered":"http:\/\/games.tactic.net\/tuote\/linde-ht160-forklift-with-pallet-and-3-pal-cages\/"},"modified":"2023-10-20T16:19:56","modified_gmt":"2023-10-20T13:19:56","slug":"linde-ht160-forklift-with-pallet-and-3-pal-cages","status":"publish","type":"product","link":"https:\/\/games.tactic.net\/da\/tuote\/linde-ht160-forklift-with-pallet-and-3-pal-cages\/","title":{"rendered":"Bruder Linde HT160D Forklift with pallet and 3 pallet cages toy"},"content":{"rendered":"<p>Linde HT-modeller er hurtige og \u00f8konomiske, n\u00e5r de h\u00e5ndterer tunge byrder. Disse modeller sikrer s\u00e6rlig h\u00f8j h\u00e5ndtering, is\u00e6r over lange afstande. Ny hos BRUDER, Linde HT160 fra denne serie er en detaljeret model i verden med erhvervsk\u00f8ret\u00f8jstema. Den originale model har en imponerende lastkapacitet p\u00e5 16 tons, en l\u00f8fteh\u00f8jde p\u00e5 4 meter og topmoderne displays i f\u00f8rerkabinen. BRUDER-modellen ligner i alle detaljer. Det moderne f\u00f8rerhus er fuldt glaseret og giver f\u00f8ren et fremragende udsyn hele vejen rundt. Stableren er udstyret med en dobbelt-l\u00f8ft mast, hvis l\u00f8fte- og vippefunktion kan betjenes med \u00e9n h\u00e5nd. Modellen har et letbetjent styret\u00f8j, der g\u00f8r det muligt for b\u00f8rn at man\u00f8vrere p\u00e5 de mest trange pladser, ligesom originalen. En kraftig palle til transport af store l\u00e6s og 3 pallebure er inkluderet i pakken. Mercedes Benz byggepladslastbil (varenr. 03651) og den mindre Linde model H30D (varenr. 02511) fra det brede BRUDER transportprogram er s\u00e6rligt velegnede at tilk\u00f8be til dette produkt.<\/p>\n","protected":false},"excerpt":{"rendered":"<p>Bruder Linde HT160D Forklift med 3 paller og 3 pallebure<\/p>\n","protected":false},"featured_media":0,"template":"","meta":{"content-type":"","_monsterinsights_skip_tracking":false,"_monsterinsights_sitenote_active":false,"_monsterinsights_sitenote_note":"","_monsterinsights_sitenote_category":0},"product_brand":[],"product_cat":[1498],"product_tag":[],"brand":[],"target-group":[],"discontinued":[],"class_list":{"0":"post-655027","1":"product","2":"type-product","3":"status-publish","5":"product_cat-bruder-legetoej","7":"first","8":"instock","9":"taxable","10":"shipping-taxable","11":"product-type-simple"},"aioseo_notices":[],"_links":{"self":[{"href":"https:\/\/games.tactic.net\/da\/wp-json\/wp\/v2\/product\/655027","targetHints":{"allow":["GET"]}}],"collection":[{"href":"https:\/\/games.tactic.net\/da\/wp-json\/wp\/v2\/product"}],"about":[{"href":"https:\/\/games.tactic.net\/da\/wp-json\/wp\/v2\/types\/product"}],"wp:attachment":[{"href":"https:\/\/games.tactic.net\/da\/wp-json\/wp\/v2\/media?parent=655027"}],"wp:term":[{"taxonomy":"product_brand","embeddable":true,"href":"https:\/\/games.tactic.net\/da\/wp-json\/wp\/v2\/product_brand?post=655027"},{"taxonomy":"product_cat","embeddable":true,"href":"https:\/\/games.tactic.net\/da\/wp-json\/wp\/v2\/product_cat?post=655027"},{"taxonomy":"product_tag","embeddable":true,"href":"https:\/\/games.tactic.net\/da\/wp-json\/wp\/v2\/product_tag?post=655027"},{"taxonomy":"brand","embeddable":true,"href":"https:\/\/games.tactic.net\/da\/wp-json\/wp\/v2\/brand?post=655027"},{"taxonomy":"target-group","embeddable":true,"href":"https:\/\/games.tactic.net\/da\/wp-json\/wp\/v2\/target-group?post=655027"},{"taxonomy":"discontinued","embeddable":true,"href":"https:\/\/games.tactic.net\/da\/wp-json\/wp\/v2\/discontinued?post=655027"}],"curies":[{"name":"wp","href":"https:\/\/api.w.org\/{rel}","templated":true}]}}