{"id":655012,"date":"2022-10-24T09:04:22","date_gmt":"2022-10-24T06:04:22","guid":{"rendered":"http:\/\/games.tactic.net\/tuote\/bworld-police-station-with-police-motorbike\/"},"modified":"2025-08-04T09:34:15","modified_gmt":"2025-08-04T06:34:15","slug":"bworld-police-station-with-police-motorbike","status":"archive","type":"product","link":"https:\/\/games.tactic.net\/da\/tuote\/bworld-police-station-with-police-motorbike\/","title":{"rendered":"Bruder bworld Police Station with police motorcycle toy"},"content":{"rendered":"<p>bworld er BRUDER&#8217;s leget\u00f8jsverden. Den best\u00e5r af bev\u00e6gelige figurer, dyr, tilbeh\u00f8r og senest ogs\u00e5 temas\u00e6t og er tildelt de velkendte BRUDER-kategorier. Hvad enten det er som chauff\u00f8r, rytter, vandsportsentusiast eller p\u00e5 hospitalsafdelingen eller motorcykelv\u00e6rkstedet, giver bworld-varer timevis af sjov alene eller er den perfekte tilf\u00f8jelse til de detaljerede k\u00f8ret\u00f8jer. Med de nye temas\u00e6t kan du dykke endnu dybere ned i Bruders verden. Trykte v\u00e6gelementer med justerbare f\u00f8dder, der er nemme at montere, danner nu plads til endnu mere virkelighed, n\u00e5r man leger og det nye reolsystem kan ogs\u00e5 interagere med elementerne. <\/p>\n<p>For den brede vifte af BRUDER-politi k\u00f8ret\u00f8jer er der nu den nye bworld politistation som et koordinerende sted. I kontoromr\u00e5det kan politibetjenten koordinere og spore hver mission ved hj\u00e6lp af det nyeste udstyr. Hvis en mist\u00e6nkt bliver anholdt, kan de tilbageholdes i celleomr\u00e5det. Scrambler Ducati politimotorcyklen er klar til at springe i gang foran politistationen. bworld politistationen kan nemt kombineres med de andre bworld-temas\u00e6t. Fra udvalget af BRUDER udrykningsk\u00f8ret\u00f8jer er Land Rover Defender Station Wagon politi (varenr. 02597) og Jeep Wrangler Rubicon politibilen (varenr. 02526) s\u00e6rligt gode match.<\/p>\n","protected":false},"excerpt":{"rendered":"<p>Bruder bworld politistation med politimotorcykel<\/p>\n","protected":false},"featured_media":0,"template":"","meta":{"content-type":"","_monsterinsights_skip_tracking":false,"_monsterinsights_sitenote_active":false,"_monsterinsights_sitenote_note":"","_monsterinsights_sitenote_category":0},"product_brand":[],"product_cat":[1498],"product_tag":[],"brand":[],"target-group":[],"discontinued":[],"class_list":{"0":"post-655012","1":"product","2":"type-product","3":"status-archive","5":"product_cat-bruder-legetoej","7":"first","8":"outofstock","9":"taxable","10":"shipping-taxable","11":"product-type-simple"},"aioseo_notices":[],"_links":{"self":[{"href":"https:\/\/games.tactic.net\/da\/wp-json\/wp\/v2\/product\/655012","targetHints":{"allow":["GET"]}}],"collection":[{"href":"https:\/\/games.tactic.net\/da\/wp-json\/wp\/v2\/product"}],"about":[{"href":"https:\/\/games.tactic.net\/da\/wp-json\/wp\/v2\/types\/product"}],"wp:attachment":[{"href":"https:\/\/games.tactic.net\/da\/wp-json\/wp\/v2\/media?parent=655012"}],"wp:term":[{"taxonomy":"product_brand","embeddable":true,"href":"https:\/\/games.tactic.net\/da\/wp-json\/wp\/v2\/product_brand?post=655012"},{"taxonomy":"product_cat","embeddable":true,"href":"https:\/\/games.tactic.net\/da\/wp-json\/wp\/v2\/product_cat?post=655012"},{"taxonomy":"product_tag","embeddable":true,"href":"https:\/\/games.tactic.net\/da\/wp-json\/wp\/v2\/product_tag?post=655012"},{"taxonomy":"brand","embeddable":true,"href":"https:\/\/games.tactic.net\/da\/wp-json\/wp\/v2\/brand?post=655012"},{"taxonomy":"target-group","embeddable":true,"href":"https:\/\/games.tactic.net\/da\/wp-json\/wp\/v2\/target-group?post=655012"},{"taxonomy":"discontinued","embeddable":true,"href":"https:\/\/games.tactic.net\/da\/wp-json\/wp\/v2\/discontinued?post=655012"}],"curies":[{"name":"wp","href":"https:\/\/api.w.org\/{rel}","templated":true}]}}