{"id":654715,"date":"2022-10-24T09:03:12","date_gmt":"2022-10-24T06:03:12","guid":{"rendered":"http:\/\/games.tactic.net\/tuote\/cat-excavator\/"},"modified":"2023-10-20T15:34:16","modified_gmt":"2023-10-20T12:34:16","slug":"cat-excavator","status":"publish","type":"product","link":"https:\/\/games.tactic.net\/da\/tuote\/cat-excavator\/","title":{"rendered":"Bruder CAT Excavator toy"},"content":{"rendered":"<p>Den nye generation af CAT gravemaskiner er designet til de mest kr\u00e6vende opgaver. Med optimeret b\u00e6reevne, et bredt udvalg af skovle og effektive nyeste generation af dieselmotorer er denne gravemaskine et af de mest moderne k\u00f8ret\u00f8jer p\u00e5 enhver byggeplads. Til kr\u00e6vende opgaver i sandkassen og b\u00f8rnev\u00e6relset er denne flotte gravemaskine nu kommet som en ny model i BRUDERs udvalg af entrepren\u00f8rk\u00f8ret\u00f8jer. Den valgfrie bworld-figur har en avanceret arbejdsplads i den moderne f\u00f8rerkabine. Gravemaskinearmen er fuldt funktionel via h\u00e5ndtaget og kan ogs\u00e5 arbejde under k\u00f8ret\u00f8jsniveau. Gravemaskinen n\u00e5r selv det vanskeligste terr\u00e6n takket v\u00e6re \u00e6gte k\u00e6deled. To motorlemme kan \u00e5bnes for kommende vedligeholdelsesarbejder. VOLVO tipvognen (varenr. 02455) og den store Cat\u00ae-b\u00e6ltetraktor (varenr. 02452) er s\u00e6rligt passende tilf\u00f8jelser fra det brede BRUDER-udvalg. Det betyder, at intet st\u00e5r i vejen for den n\u00e6ste store byggeplads.<\/p>\n","protected":false},"excerpt":{"rendered":"<p>Bruder CAT Gravemaskine<\/p>\n","protected":false},"featured_media":0,"template":"","meta":{"content-type":"","_monsterinsights_skip_tracking":false,"_monsterinsights_sitenote_active":false,"_monsterinsights_sitenote_note":"","_monsterinsights_sitenote_category":0},"product_brand":[],"product_cat":[1498],"product_tag":[],"brand":[],"target-group":[],"discontinued":[],"class_list":{"0":"post-654715","1":"product","2":"type-product","3":"status-publish","5":"product_cat-bruder-legetoej","7":"first","8":"instock","9":"taxable","10":"shipping-taxable","11":"product-type-simple"},"aioseo_notices":[],"_links":{"self":[{"href":"https:\/\/games.tactic.net\/da\/wp-json\/wp\/v2\/product\/654715","targetHints":{"allow":["GET"]}}],"collection":[{"href":"https:\/\/games.tactic.net\/da\/wp-json\/wp\/v2\/product"}],"about":[{"href":"https:\/\/games.tactic.net\/da\/wp-json\/wp\/v2\/types\/product"}],"wp:attachment":[{"href":"https:\/\/games.tactic.net\/da\/wp-json\/wp\/v2\/media?parent=654715"}],"wp:term":[{"taxonomy":"product_brand","embeddable":true,"href":"https:\/\/games.tactic.net\/da\/wp-json\/wp\/v2\/product_brand?post=654715"},{"taxonomy":"product_cat","embeddable":true,"href":"https:\/\/games.tactic.net\/da\/wp-json\/wp\/v2\/product_cat?post=654715"},{"taxonomy":"product_tag","embeddable":true,"href":"https:\/\/games.tactic.net\/da\/wp-json\/wp\/v2\/product_tag?post=654715"},{"taxonomy":"brand","embeddable":true,"href":"https:\/\/games.tactic.net\/da\/wp-json\/wp\/v2\/brand?post=654715"},{"taxonomy":"target-group","embeddable":true,"href":"https:\/\/games.tactic.net\/da\/wp-json\/wp\/v2\/target-group?post=654715"},{"taxonomy":"discontinued","embeddable":true,"href":"https:\/\/games.tactic.net\/da\/wp-json\/wp\/v2\/discontinued?post=654715"}],"curies":[{"name":"wp","href":"https:\/\/api.w.org\/{rel}","templated":true}]}}