{"id":654430,"date":"2022-10-24T09:01:14","date_gmt":"2022-10-24T06:01:14","guid":{"rendered":"http:\/\/games.tactic.net\/tuote\/bworld-fire-station-with-land-rover-defender\/"},"modified":"2025-01-13T09:44:03","modified_gmt":"2025-01-13T07:44:03","slug":"bworld-fire-station-with-land-rover-defender","status":"archive","type":"product","link":"https:\/\/games.tactic.net\/da\/tuote\/bworld-fire-station-with-land-rover-defender\/","title":{"rendered":"Bruder bworld Fire Station with Land Rover Defender emergency vehicle toy"},"content":{"rendered":"<p>For den brede vifte af BRUDER brandv\u00e6sensk\u00f8ret\u00f8jer er der nu den nye bworld brandstation som et koordinerende sted. I kontrolcentret kan brandmanden koordinere og spore hver mission ved hj\u00e6lp af det nyeste udstyr. BRUDER Land Rover pick-up er et alsidigt servicek\u00f8ret\u00f8j med legendariske terr\u00e6negenskaber til at komme til h\u00e6ndelser s\u00e5 hurtigt som muligt. Mellem inds\u00e6ttelserne kan BRUDER-brandmanden slappe af i pauserummet p\u00e5 f\u00f8rste sal.<\/p>\n","protected":false},"excerpt":{"rendered":"<p>Bruder bworld Brandstation med Land Rover Defender udrykningsk\u00f8ret\u00f8j.<\/p>\n","protected":false},"featured_media":0,"template":"","meta":{"content-type":"","_monsterinsights_skip_tracking":false,"_monsterinsights_sitenote_active":false,"_monsterinsights_sitenote_note":"","_monsterinsights_sitenote_category":0},"product_brand":[],"product_cat":[1498],"product_tag":[],"brand":[],"target-group":[],"discontinued":[],"class_list":{"0":"post-654430","1":"product","2":"type-product","3":"status-archive","5":"product_cat-bruder-legetoej","7":"first","8":"outofstock","9":"taxable","10":"shipping-taxable","11":"product-type-simple"},"aioseo_notices":[],"_links":{"self":[{"href":"https:\/\/games.tactic.net\/da\/wp-json\/wp\/v2\/product\/654430","targetHints":{"allow":["GET"]}}],"collection":[{"href":"https:\/\/games.tactic.net\/da\/wp-json\/wp\/v2\/product"}],"about":[{"href":"https:\/\/games.tactic.net\/da\/wp-json\/wp\/v2\/types\/product"}],"wp:attachment":[{"href":"https:\/\/games.tactic.net\/da\/wp-json\/wp\/v2\/media?parent=654430"}],"wp:term":[{"taxonomy":"product_brand","embeddable":true,"href":"https:\/\/games.tactic.net\/da\/wp-json\/wp\/v2\/product_brand?post=654430"},{"taxonomy":"product_cat","embeddable":true,"href":"https:\/\/games.tactic.net\/da\/wp-json\/wp\/v2\/product_cat?post=654430"},{"taxonomy":"product_tag","embeddable":true,"href":"https:\/\/games.tactic.net\/da\/wp-json\/wp\/v2\/product_tag?post=654430"},{"taxonomy":"brand","embeddable":true,"href":"https:\/\/games.tactic.net\/da\/wp-json\/wp\/v2\/brand?post=654430"},{"taxonomy":"target-group","embeddable":true,"href":"https:\/\/games.tactic.net\/da\/wp-json\/wp\/v2\/target-group?post=654430"},{"taxonomy":"discontinued","embeddable":true,"href":"https:\/\/games.tactic.net\/da\/wp-json\/wp\/v2\/discontinued?post=654430"}],"curies":[{"name":"wp","href":"https:\/\/api.w.org\/{rel}","templated":true}]}}