{"id":654371,"date":"2022-10-24T08:52:56","date_gmt":"2022-10-24T05:52:56","guid":{"rendered":"http:\/\/games.tactic.net\/tuote\/volvo-dumper-a60h\/"},"modified":"2023-10-20T17:06:41","modified_gmt":"2023-10-20T14:06:41","slug":"volvo-dumper-a60h","status":"publish","type":"product","link":"https:\/\/games.tactic.net\/da\/tuote\/volvo-dumper-a60h\/","title":{"rendered":"Bruder Volvo A60H Dumper toy"},"content":{"rendered":"<p>Vognm\u00e6nd er sande arbejdsheste! Hvad enten det drejer sig om effektiv transport af bulkgods som en del af jordflytning, asfalt som en del af vejbygning, overbelastning i stenbrud og grusgrave, har denne tipvogn styrken der skal til. Som en af \u200b\u200bde mest kraftfulde kn\u00e6kstyrede dumpere er Volvo A60H nu blevet tilf\u00f8jet til BRUDER-temaverdenen af \u200b\u200bentrepren\u00f8rudstyr. Ligesom den \u00e6gte vare garanterer modellen eksemplariske terr\u00e6negenskaber takket v\u00e6re dens solide kn\u00e6kstyring i forbindelse med massive ballond\u00e6k. \u00c9n bworld figur kan styre rattet i k\u00f8ret\u00f8jet gennem taglugen p\u00e5 det moderne f\u00f8rerhus, og unge vognm\u00e6nd kan l\u00e6sse og losse det \u00e6gte, enorme tiptrug.<\/p>\n","protected":false},"excerpt":{"rendered":"<p>Bruder Volvo A60H Dumper.<\/p>\n","protected":false},"featured_media":0,"template":"","meta":{"content-type":"","_monsterinsights_skip_tracking":false,"_monsterinsights_sitenote_active":false,"_monsterinsights_sitenote_note":"","_monsterinsights_sitenote_category":0},"product_brand":[],"product_cat":[1498],"product_tag":[],"brand":[],"target-group":[],"discontinued":[],"class_list":{"0":"post-654371","1":"product","2":"type-product","3":"status-publish","5":"product_cat-bruder-legetoej","7":"first","8":"instock","9":"taxable","10":"shipping-taxable","11":"product-type-simple"},"aioseo_notices":[],"_links":{"self":[{"href":"https:\/\/games.tactic.net\/da\/wp-json\/wp\/v2\/product\/654371","targetHints":{"allow":["GET"]}}],"collection":[{"href":"https:\/\/games.tactic.net\/da\/wp-json\/wp\/v2\/product"}],"about":[{"href":"https:\/\/games.tactic.net\/da\/wp-json\/wp\/v2\/types\/product"}],"wp:attachment":[{"href":"https:\/\/games.tactic.net\/da\/wp-json\/wp\/v2\/media?parent=654371"}],"wp:term":[{"taxonomy":"product_brand","embeddable":true,"href":"https:\/\/games.tactic.net\/da\/wp-json\/wp\/v2\/product_brand?post=654371"},{"taxonomy":"product_cat","embeddable":true,"href":"https:\/\/games.tactic.net\/da\/wp-json\/wp\/v2\/product_cat?post=654371"},{"taxonomy":"product_tag","embeddable":true,"href":"https:\/\/games.tactic.net\/da\/wp-json\/wp\/v2\/product_tag?post=654371"},{"taxonomy":"brand","embeddable":true,"href":"https:\/\/games.tactic.net\/da\/wp-json\/wp\/v2\/brand?post=654371"},{"taxonomy":"target-group","embeddable":true,"href":"https:\/\/games.tactic.net\/da\/wp-json\/wp\/v2\/target-group?post=654371"},{"taxonomy":"discontinued","embeddable":true,"href":"https:\/\/games.tactic.net\/da\/wp-json\/wp\/v2\/discontinued?post=654371"}],"curies":[{"name":"wp","href":"https:\/\/api.w.org\/{rel}","templated":true}]}}