{"id":654169,"date":"2022-10-24T08:50:13","date_gmt":"2022-10-24T05:50:13","guid":{"rendered":"http:\/\/games.tactic.net\/tuote\/massey-ferguson-7600\/"},"modified":"2023-10-20T16:45:23","modified_gmt":"2023-10-20T13:45:23","slug":"massey-ferguson-7600","status":"publish","type":"product","link":"https:\/\/games.tactic.net\/da\/tuote\/massey-ferguson-7600\/","title":{"rendered":"Bruder Massey Ferguson 7624 traktor leget\u00f8j"},"content":{"rendered":"<p>Ud over titlen \u201cMachine of the Year 2012\u201d i premium-traktorklassen (180\u2013260 hk) p\u00e5 Agritechnica vandt MF 7600-serien flere internationale priser, bl.a. \u201cTractor of the Year for Design 2012\u201d. Derfor har BRUDER optaget denne kraftpakke i PREMIUM-PRO-linjen. Modellen har glas\u00adkabine, \u00e5bne d\u00f8re og motorhjelm samt realistisk styring via ekstra styrestang gennem taget. Den pendulopbyggede foraksel \u00f8ger smidigheden, og aftagelig frontv\u00e6gt samt frontl\u00e6sseroph\u00e6ng g\u00f8r traktoren til en alsidig allrounder. H\u00f8jdejusterbart tr\u00e6k passer til mange BRUDER-redskaber og trailere \u2013 s\u00e5 b\u00f8rn kan efterligne enhver landbrugssituation. Matchende figurer findes i BRUDERs store sortiment.<\/p>\n","protected":false},"excerpt":{"rendered":"<p>Prisvindende Massey Ferguson 7600 PREMIUM-PRO: Glaskabine, \u00e5bne d\u00f8re &#038; motorhjelm, realistisk styring, offroad aksel, v\u00e6gt &#038; frontl\u00e6ssermodul. Passer til alle BRUDER trailere.<\/p>\n","protected":false},"featured_media":0,"template":"","meta":{"content-type":"","_monsterinsights_skip_tracking":false,"_monsterinsights_sitenote_active":false,"_monsterinsights_sitenote_note":"","_monsterinsights_sitenote_category":0},"product_brand":[],"product_cat":[1498],"product_tag":[],"brand":[],"target-group":[],"discontinued":[],"class_list":{"0":"post-654169","1":"product","2":"type-product","3":"status-publish","5":"product_cat-bruder-legetoej","7":"first","8":"instock","9":"taxable","10":"shipping-taxable","11":"product-type-simple"},"aioseo_notices":[],"_links":{"self":[{"href":"https:\/\/games.tactic.net\/da\/wp-json\/wp\/v2\/product\/654169","targetHints":{"allow":["GET"]}}],"collection":[{"href":"https:\/\/games.tactic.net\/da\/wp-json\/wp\/v2\/product"}],"about":[{"href":"https:\/\/games.tactic.net\/da\/wp-json\/wp\/v2\/types\/product"}],"wp:attachment":[{"href":"https:\/\/games.tactic.net\/da\/wp-json\/wp\/v2\/media?parent=654169"}],"wp:term":[{"taxonomy":"product_brand","embeddable":true,"href":"https:\/\/games.tactic.net\/da\/wp-json\/wp\/v2\/product_brand?post=654169"},{"taxonomy":"product_cat","embeddable":true,"href":"https:\/\/games.tactic.net\/da\/wp-json\/wp\/v2\/product_cat?post=654169"},{"taxonomy":"product_tag","embeddable":true,"href":"https:\/\/games.tactic.net\/da\/wp-json\/wp\/v2\/product_tag?post=654169"},{"taxonomy":"brand","embeddable":true,"href":"https:\/\/games.tactic.net\/da\/wp-json\/wp\/v2\/brand?post=654169"},{"taxonomy":"target-group","embeddable":true,"href":"https:\/\/games.tactic.net\/da\/wp-json\/wp\/v2\/target-group?post=654169"},{"taxonomy":"discontinued","embeddable":true,"href":"https:\/\/games.tactic.net\/da\/wp-json\/wp\/v2\/discontinued?post=654169"}],"curies":[{"name":"wp","href":"https:\/\/api.w.org\/{rel}","templated":true}]}}