{"id":654140,"date":"2022-10-24T08:49:51","date_gmt":"2022-10-24T05:49:51","guid":{"rendered":"http:\/\/games.tactic.net\/tuote\/claas-xerion-5000\/"},"modified":"2023-10-20T15:44:35","modified_gmt":"2023-10-20T12:44:35","slug":"claas-xerion-5000","status":"publish","type":"product","link":"https:\/\/games.tactic.net\/da\/tuote\/claas-xerion-5000\/","title":{"rendered":"Bruder Claas Xerion 5000 traktor leget\u00f8j"},"content":{"rendered":"<p>Kraften i Claas Xerion 5000 ses straks. Producenten kombinerede styrke med intelligente l\u00f8sninger, s\u00e5 k\u00f8ret\u00f8jet er alsidigt. Claas beskriver modellen som &#8220;intelligent power&#8221;. BRUDERs kopi i skala 1:16 har samme egenskaber. Kabinen kan roteres uden at bryde transmissionen. Alle fire hjul kan styres samtidig, og krabbe-styring kan efterlignes via et justeringssystem. Derudover har traktoren glaskabine med \u00e5bne d\u00f8re og h\u00f8jdejusterbart tr\u00e6k. Et unikt BRUDER-k\u00f8ret\u00f8j.<\/p>\n","protected":false},"excerpt":{"rendered":"<p>Claas Xerion 5000 imponerer med r\u00e5 styrke. BRUDER modellen gengiver originalen med mange funktioner, detaljer og justerbare egenskaber.<\/p>\n","protected":false},"featured_media":0,"template":"","meta":{"content-type":"","_monsterinsights_skip_tracking":false,"_monsterinsights_sitenote_active":false,"_monsterinsights_sitenote_note":"","_monsterinsights_sitenote_category":0},"product_brand":[],"product_cat":[1498],"product_tag":[],"brand":[],"target-group":[],"discontinued":[],"class_list":{"0":"post-654140","1":"product","2":"type-product","3":"status-publish","5":"product_cat-bruder-legetoej","7":"first","8":"instock","9":"taxable","10":"shipping-taxable","11":"product-type-simple"},"aioseo_notices":[],"_links":{"self":[{"href":"https:\/\/games.tactic.net\/da\/wp-json\/wp\/v2\/product\/654140","targetHints":{"allow":["GET"]}}],"collection":[{"href":"https:\/\/games.tactic.net\/da\/wp-json\/wp\/v2\/product"}],"about":[{"href":"https:\/\/games.tactic.net\/da\/wp-json\/wp\/v2\/types\/product"}],"wp:attachment":[{"href":"https:\/\/games.tactic.net\/da\/wp-json\/wp\/v2\/media?parent=654140"}],"wp:term":[{"taxonomy":"product_brand","embeddable":true,"href":"https:\/\/games.tactic.net\/da\/wp-json\/wp\/v2\/product_brand?post=654140"},{"taxonomy":"product_cat","embeddable":true,"href":"https:\/\/games.tactic.net\/da\/wp-json\/wp\/v2\/product_cat?post=654140"},{"taxonomy":"product_tag","embeddable":true,"href":"https:\/\/games.tactic.net\/da\/wp-json\/wp\/v2\/product_tag?post=654140"},{"taxonomy":"brand","embeddable":true,"href":"https:\/\/games.tactic.net\/da\/wp-json\/wp\/v2\/brand?post=654140"},{"taxonomy":"target-group","embeddable":true,"href":"https:\/\/games.tactic.net\/da\/wp-json\/wp\/v2\/target-group?post=654140"},{"taxonomy":"discontinued","embeddable":true,"href":"https:\/\/games.tactic.net\/da\/wp-json\/wp\/v2\/discontinued?post=654140"}],"curies":[{"name":"wp","href":"https:\/\/api.w.org\/{rel}","templated":true}]}}