{"id":654096,"date":"2022-10-24T08:48:53","date_gmt":"2022-10-24T05:48:53","guid":{"rendered":"http:\/\/games.tactic.net\/tuote\/jcb-4cx-backhoe-loader\/"},"modified":"2023-10-20T15:54:41","modified_gmt":"2023-10-20T12:54:41","slug":"jcb-4cx-backhoe-loader","status":"publish","type":"product","link":"https:\/\/games.tactic.net\/da\/tuote\/jcb-4cx-backhoe-loader\/","title":{"rendered":"Bruder JCB 4CX Backhoe loader toy"},"content":{"rendered":"<p>Denne JBC rendegraver har en fuldt funktionel frontl\u00e6sser. Rendegraverarmen p\u00e5 dette unikke leget\u00f8j bev\u00e6ger sig op og ned og svinger fra side tll side. St\u00f8ttebenene kan justeres i h\u00f8jden.<\/p>\n","protected":false},"excerpt":{"rendered":"<p>Denne JBC rendegraver har en fuldt funktionel frontl\u00e6sser. Rendegraverarmen p\u00e5 dette unikke leget\u00f8j bev\u00e6ger sig op og ned og svinger fra side tll side. St\u00f8ttebenene kan justeres i h\u00f8jden.<\/p>\n","protected":false},"featured_media":0,"template":"","meta":{"content-type":"","_monsterinsights_skip_tracking":false,"_monsterinsights_sitenote_active":false,"_monsterinsights_sitenote_note":"","_monsterinsights_sitenote_category":0},"product_brand":[],"product_cat":[1498],"product_tag":[],"brand":[],"target-group":[],"discontinued":[],"class_list":{"0":"post-654096","1":"product","2":"type-product","3":"status-publish","5":"product_cat-bruder-legetoej","7":"first","8":"instock","9":"taxable","10":"shipping-taxable","11":"product-type-simple"},"aioseo_notices":[],"_links":{"self":[{"href":"https:\/\/games.tactic.net\/da\/wp-json\/wp\/v2\/product\/654096","targetHints":{"allow":["GET"]}}],"collection":[{"href":"https:\/\/games.tactic.net\/da\/wp-json\/wp\/v2\/product"}],"about":[{"href":"https:\/\/games.tactic.net\/da\/wp-json\/wp\/v2\/types\/product"}],"wp:attachment":[{"href":"https:\/\/games.tactic.net\/da\/wp-json\/wp\/v2\/media?parent=654096"}],"wp:term":[{"taxonomy":"product_brand","embeddable":true,"href":"https:\/\/games.tactic.net\/da\/wp-json\/wp\/v2\/product_brand?post=654096"},{"taxonomy":"product_cat","embeddable":true,"href":"https:\/\/games.tactic.net\/da\/wp-json\/wp\/v2\/product_cat?post=654096"},{"taxonomy":"product_tag","embeddable":true,"href":"https:\/\/games.tactic.net\/da\/wp-json\/wp\/v2\/product_tag?post=654096"},{"taxonomy":"brand","embeddable":true,"href":"https:\/\/games.tactic.net\/da\/wp-json\/wp\/v2\/brand?post=654096"},{"taxonomy":"target-group","embeddable":true,"href":"https:\/\/games.tactic.net\/da\/wp-json\/wp\/v2\/target-group?post=654096"},{"taxonomy":"discontinued","embeddable":true,"href":"https:\/\/games.tactic.net\/da\/wp-json\/wp\/v2\/discontinued?post=654096"}],"curies":[{"name":"wp","href":"https:\/\/api.w.org\/{rel}","templated":true}]}}