{"id":654037,"date":"2022-10-24T08:47:46","date_gmt":"2022-10-24T05:47:46","guid":{"rendered":"http:\/\/games.tactic.net\/tuote\/claas-disc-mower-disco-8550-c-plus\/"},"modified":"2023-10-20T15:40:54","modified_gmt":"2023-10-20T12:40:54","slug":"claas-disc-mower-disco-8550-c-plus","status":"publish","type":"product","link":"https:\/\/games.tactic.net\/da\/tuote\/claas-disc-mower-disco-8550-c-plus\/","title":{"rendered":"Bruder Claas Disco 8550 C Plus Disc mower toy"},"content":{"rendered":"<p>Denne sl\u00e5maskine best\u00e5r af tre skr\u00e5l\u00e6ggere, som fungerer p\u00e5 uj\u00e6vt underlag. Sl\u00e5maskinen har roterende sk\u00e6r. Den tredelte maskine kan deles og bruges foran eller ved siden af traktoren, og siderne kan klappes op og fikseres under transport.<\/p>\n","protected":false},"excerpt":{"rendered":"<p>Denne sl\u00e5maskine best\u00e5r af tre skr\u00e5l\u00e6ggere, som fungerer p\u00e5 uj\u00e6vt underlag. Sl\u00e5maskinen har roterende sk\u00e6r. Den tredelte maskine kan deles og bruges foran eller ved siden af traktoren, og siderne kan klappes op og fikseres under transport.<\/p>\n","protected":false},"featured_media":0,"template":"","meta":{"content-type":"","_monsterinsights_skip_tracking":false,"_monsterinsights_sitenote_active":false,"_monsterinsights_sitenote_note":"","_monsterinsights_sitenote_category":0},"product_brand":[],"product_cat":[1498],"product_tag":[],"brand":[],"target-group":[],"discontinued":[],"class_list":{"0":"post-654037","1":"product","2":"type-product","3":"status-publish","5":"product_cat-bruder-legetoej","7":"first","8":"instock","9":"taxable","10":"shipping-taxable","11":"product-type-simple"},"aioseo_notices":[],"_links":{"self":[{"href":"https:\/\/games.tactic.net\/da\/wp-json\/wp\/v2\/product\/654037","targetHints":{"allow":["GET"]}}],"collection":[{"href":"https:\/\/games.tactic.net\/da\/wp-json\/wp\/v2\/product"}],"about":[{"href":"https:\/\/games.tactic.net\/da\/wp-json\/wp\/v2\/types\/product"}],"wp:attachment":[{"href":"https:\/\/games.tactic.net\/da\/wp-json\/wp\/v2\/media?parent=654037"}],"wp:term":[{"taxonomy":"product_brand","embeddable":true,"href":"https:\/\/games.tactic.net\/da\/wp-json\/wp\/v2\/product_brand?post=654037"},{"taxonomy":"product_cat","embeddable":true,"href":"https:\/\/games.tactic.net\/da\/wp-json\/wp\/v2\/product_cat?post=654037"},{"taxonomy":"product_tag","embeddable":true,"href":"https:\/\/games.tactic.net\/da\/wp-json\/wp\/v2\/product_tag?post=654037"},{"taxonomy":"brand","embeddable":true,"href":"https:\/\/games.tactic.net\/da\/wp-json\/wp\/v2\/brand?post=654037"},{"taxonomy":"target-group","embeddable":true,"href":"https:\/\/games.tactic.net\/da\/wp-json\/wp\/v2\/target-group?post=654037"},{"taxonomy":"discontinued","embeddable":true,"href":"https:\/\/games.tactic.net\/da\/wp-json\/wp\/v2\/discontinued?post=654037"}],"curies":[{"name":"wp","href":"https:\/\/api.w.org\/{rel}","templated":true}]}}