{"id":654008,"date":"2022-10-24T08:47:05","date_gmt":"2022-10-24T05:47:05","guid":{"rendered":"http:\/\/games.tactic.net\/tuote\/amazone-trailed-field-sprayer-ux5200\/"},"modified":"2023-10-20T15:25:40","modified_gmt":"2023-10-20T12:25:40","slug":"amazone-trailed-field-sprayer-ux5200","status":"publish","type":"product","link":"https:\/\/games.tactic.net\/da\/tuote\/amazone-trailed-field-sprayer-ux5200\/","title":{"rendered":"Bruder Amazone trailed field sprayer UX5200 toy"},"content":{"rendered":"<p>N\u00f8jagtig som sin \u00e6gte storebror har denne markspr\u00f8jte en fuldt fungerende spreder med vandtank, som kan fyldes samt et smart pumpe- og slangesystem, der nemt spr\u00f8jter vand over den lille landmands marker.<\/p>\n","protected":false},"excerpt":{"rendered":"<p>N\u00f8jagtig som sin \u00e6gte storebror har denne markspr\u00f8jte en fuldt fungerende spreder med vandtank, som kan fyldes samt et smart pumpe- og slangesystem, der nemt spr\u00f8jter vand over den lille landmands marker.<\/p>\n","protected":false},"featured_media":0,"template":"","meta":{"content-type":"","_monsterinsights_skip_tracking":false,"_monsterinsights_sitenote_active":false,"_monsterinsights_sitenote_note":"","_monsterinsights_sitenote_category":0},"product_brand":[],"product_cat":[1498],"product_tag":[],"brand":[],"target-group":[],"discontinued":[],"class_list":{"0":"post-654008","1":"product","2":"type-product","3":"status-publish","5":"product_cat-bruder-legetoej","7":"first","8":"instock","9":"taxable","10":"shipping-taxable","11":"product-type-simple"},"aioseo_notices":[],"_links":{"self":[{"href":"https:\/\/games.tactic.net\/da\/wp-json\/wp\/v2\/product\/654008","targetHints":{"allow":["GET"]}}],"collection":[{"href":"https:\/\/games.tactic.net\/da\/wp-json\/wp\/v2\/product"}],"about":[{"href":"https:\/\/games.tactic.net\/da\/wp-json\/wp\/v2\/types\/product"}],"wp:attachment":[{"href":"https:\/\/games.tactic.net\/da\/wp-json\/wp\/v2\/media?parent=654008"}],"wp:term":[{"taxonomy":"product_brand","embeddable":true,"href":"https:\/\/games.tactic.net\/da\/wp-json\/wp\/v2\/product_brand?post=654008"},{"taxonomy":"product_cat","embeddable":true,"href":"https:\/\/games.tactic.net\/da\/wp-json\/wp\/v2\/product_cat?post=654008"},{"taxonomy":"product_tag","embeddable":true,"href":"https:\/\/games.tactic.net\/da\/wp-json\/wp\/v2\/product_tag?post=654008"},{"taxonomy":"brand","embeddable":true,"href":"https:\/\/games.tactic.net\/da\/wp-json\/wp\/v2\/brand?post=654008"},{"taxonomy":"target-group","embeddable":true,"href":"https:\/\/games.tactic.net\/da\/wp-json\/wp\/v2\/target-group?post=654008"},{"taxonomy":"discontinued","embeddable":true,"href":"https:\/\/games.tactic.net\/da\/wp-json\/wp\/v2\/discontinued?post=654008"}],"curies":[{"name":"wp","href":"https:\/\/api.w.org\/{rel}","templated":true}]}}