{"id":653864,"date":"2022-10-24T08:29:02","date_gmt":"2022-10-24T05:29:02","guid":{"rendered":"http:\/\/games.tactic.net\/tuote\/tz-small-ls-police-car\/"},"modified":"2025-04-01T09:57:56","modified_gmt":"2025-04-01T06:57:56","slug":"tz-small-ls-police-car","status":"archive","type":"product","link":"https:\/\/games.tactic.net\/da\/tuote\/tz-small-ls-police-car\/","title":{"rendered":"Teamsterz Small Police car with L&#038;S toy"},"content":{"rendered":"<p>Teamsterz politibil m.lys og lyd<br \/>\nS\u00e5 er der udrykning! Fr\u00e6s afsted ud for at fange tyve og banditter i denne seje Teamsterz politibil. Tryk p\u00e5 knapperne p\u00e5 bilens tag, og politibilen vil b\u00e5de lyse og udsende vilde sirenelyde! Hj\u00e6lper udviklingen af \u200b\u200bdit lille barns sociale og finmotoriske f\u00e6rdigheder, da de er den perfekte st\u00f8rrelse for sm\u00e5 h\u00e6nder at skubbe medBatterier medf\u00f8lger  3 x LR44\/AG13 batterier. Fra 3 \u00e5r.<\/p>\n","protected":false},"excerpt":{"rendered":"<p>Teamsterz Might Machines Politibil med lys og lyd<\/p>\n","protected":false},"featured_media":0,"template":"","meta":{"content-type":"","_monsterinsights_skip_tracking":false,"_monsterinsights_sitenote_active":false,"_monsterinsights_sitenote_note":"","_monsterinsights_sitenote_category":0},"product_brand":[],"product_cat":[1615],"product_tag":[],"brand":[],"target-group":[],"discontinued":[],"class_list":{"0":"post-653864","1":"product","2":"type-product","3":"status-archive","5":"product_cat-teamsterz-legetoej","7":"first","8":"outofstock","9":"taxable","10":"shipping-taxable","11":"product-type-simple"},"aioseo_notices":[],"_links":{"self":[{"href":"https:\/\/games.tactic.net\/da\/wp-json\/wp\/v2\/product\/653864","targetHints":{"allow":["GET"]}}],"collection":[{"href":"https:\/\/games.tactic.net\/da\/wp-json\/wp\/v2\/product"}],"about":[{"href":"https:\/\/games.tactic.net\/da\/wp-json\/wp\/v2\/types\/product"}],"wp:attachment":[{"href":"https:\/\/games.tactic.net\/da\/wp-json\/wp\/v2\/media?parent=653864"}],"wp:term":[{"taxonomy":"product_brand","embeddable":true,"href":"https:\/\/games.tactic.net\/da\/wp-json\/wp\/v2\/product_brand?post=653864"},{"taxonomy":"product_cat","embeddable":true,"href":"https:\/\/games.tactic.net\/da\/wp-json\/wp\/v2\/product_cat?post=653864"},{"taxonomy":"product_tag","embeddable":true,"href":"https:\/\/games.tactic.net\/da\/wp-json\/wp\/v2\/product_tag?post=653864"},{"taxonomy":"brand","embeddable":true,"href":"https:\/\/games.tactic.net\/da\/wp-json\/wp\/v2\/brand?post=653864"},{"taxonomy":"target-group","embeddable":true,"href":"https:\/\/games.tactic.net\/da\/wp-json\/wp\/v2\/target-group?post=653864"},{"taxonomy":"discontinued","embeddable":true,"href":"https:\/\/games.tactic.net\/da\/wp-json\/wp\/v2\/discontinued?post=653864"}],"curies":[{"name":"wp","href":"https:\/\/api.w.org\/{rel}","templated":true}]}}