{"id":653807,"date":"2022-10-24T08:27:34","date_gmt":"2022-10-24T05:27:34","guid":{"rendered":"http:\/\/games.tactic.net\/tuote\/tz-small-ls-helicopter\/"},"modified":"2025-12-10T09:40:08","modified_gmt":"2025-12-10T07:40:08","slug":"tz-small-ls-helicopter","status":"archive","type":"product","link":"https:\/\/games.tactic.net\/da\/tuote\/tz-small-ls-helicopter\/","title":{"rendered":"Teamsterz Mighty Machines Small Helicopter with LS toy"},"content":{"rendered":"<p>Flyv til unds\u00e6tning med Teamsterz Light &amp; Sound Politi Helicopter!<br \/>\nDenne detaljerede helikopter har fritbev\u00e6gelige rotorblade, gule blinkende lys, n\u00f8dsirene og chopper lyde. Hj\u00e6lp til ved efters\u00f8gnings- og redningsoperationer &#8211; ligesom en virkelig redningshelikopter! Batterier med f\u00f8lger 3 x LR44\/AG13. Fra 3 \u00e5r.<\/p>\n","protected":false},"excerpt":{"rendered":"<p>Teamsterz Mighty Machines Helikopter med lys og lyd<\/p>\n","protected":false},"featured_media":0,"template":"","meta":{"content-type":"","_monsterinsights_skip_tracking":false,"_monsterinsights_sitenote_active":false,"_monsterinsights_sitenote_note":"","_monsterinsights_sitenote_category":0},"product_brand":[],"product_cat":[1615],"product_tag":[],"brand":[],"target-group":[],"discontinued":[],"class_list":{"0":"post-653807","1":"product","2":"type-product","3":"status-archive","5":"product_cat-teamsterz-legetoej","7":"first","8":"outofstock","9":"taxable","10":"shipping-taxable","11":"product-type-simple"},"aioseo_notices":[],"_links":{"self":[{"href":"https:\/\/games.tactic.net\/da\/wp-json\/wp\/v2\/product\/653807","targetHints":{"allow":["GET"]}}],"collection":[{"href":"https:\/\/games.tactic.net\/da\/wp-json\/wp\/v2\/product"}],"about":[{"href":"https:\/\/games.tactic.net\/da\/wp-json\/wp\/v2\/types\/product"}],"wp:attachment":[{"href":"https:\/\/games.tactic.net\/da\/wp-json\/wp\/v2\/media?parent=653807"}],"wp:term":[{"taxonomy":"product_brand","embeddable":true,"href":"https:\/\/games.tactic.net\/da\/wp-json\/wp\/v2\/product_brand?post=653807"},{"taxonomy":"product_cat","embeddable":true,"href":"https:\/\/games.tactic.net\/da\/wp-json\/wp\/v2\/product_cat?post=653807"},{"taxonomy":"product_tag","embeddable":true,"href":"https:\/\/games.tactic.net\/da\/wp-json\/wp\/v2\/product_tag?post=653807"},{"taxonomy":"brand","embeddable":true,"href":"https:\/\/games.tactic.net\/da\/wp-json\/wp\/v2\/brand?post=653807"},{"taxonomy":"target-group","embeddable":true,"href":"https:\/\/games.tactic.net\/da\/wp-json\/wp\/v2\/target-group?post=653807"},{"taxonomy":"discontinued","embeddable":true,"href":"https:\/\/games.tactic.net\/da\/wp-json\/wp\/v2\/discontinued?post=653807"}],"curies":[{"name":"wp","href":"https:\/\/api.w.org\/{rel}","templated":true}]}}