{"id":652766,"date":"2022-10-20T17:06:26","date_gmt":"2022-10-20T14:06:26","guid":{"rendered":"http:\/\/games.tactic.net\/tuote\/vikings-tales-odins-table\/"},"modified":"2023-10-25T16:51:48","modified_gmt":"2023-10-25T13:51:48","slug":"vikings-tales-odins-table","status":"publish","type":"product","link":"https:\/\/games.tactic.net\/da\/tuote\/vikings-tales-odins-table\/","title":{"rendered":"Gamestorm Vikings\u2019 Tales Odin\u2019s Table board game"},"content":{"rendered":"<p>Brug guderne til at vinde dette spil med taktik og bluff! I dette strategiske br\u00e6tspil k\u00e6mper to spillere for at vinde med hj\u00e6lp fra de gamle vikingeguder. Med Odins overlegne kraft, Lokes visdom og styrken fra otte andre guder, skal spillerne fors\u00f8ge at anbringe tre tokens i fjendens fort.<\/p>\n","protected":false},"excerpt":{"rendered":"<p>Brug guderne til at vinde dette spil med taktik og bluff! I dette strategiske br\u00e6tspil k\u00e6mper to spillere for at vinde med hj\u00e6lp fra de gamle vikingeguder. Med Odins overlegne kraft, Lokes visdom og styrken fra otte andre guder, skal spillerne fors\u00f8ge at anbringe tre tokens i fjendens fort.<\/p>\n","protected":false},"featured_media":0,"template":"","meta":{"content-type":"","_monsterinsights_skip_tracking":false,"_monsterinsights_sitenote_active":false,"_monsterinsights_sitenote_note":"","_monsterinsights_sitenote_category":0},"product_brand":[],"product_cat":[1620],"product_tag":[1237],"brand":[{"id":885,"name":"Gamestorm Studio","slug":"gamestormstudio-da"}],"target-group":[],"discontinued":[],"class_list":{"0":"post-652766","1":"product","2":"type-product","3":"status-publish","5":"product_cat-strategiske-spil-familiespil","6":"product_tag-strategi-da","7":"brand-gamestormstudio-da","9":"first","10":"instock","11":"taxable","12":"shipping-taxable","13":"product-type-simple"},"aioseo_notices":[],"_links":{"self":[{"href":"https:\/\/games.tactic.net\/da\/wp-json\/wp\/v2\/product\/652766","targetHints":{"allow":["GET"]}}],"collection":[{"href":"https:\/\/games.tactic.net\/da\/wp-json\/wp\/v2\/product"}],"about":[{"href":"https:\/\/games.tactic.net\/da\/wp-json\/wp\/v2\/types\/product"}],"wp:attachment":[{"href":"https:\/\/games.tactic.net\/da\/wp-json\/wp\/v2\/media?parent=652766"}],"wp:term":[{"taxonomy":"product_brand","embeddable":true,"href":"https:\/\/games.tactic.net\/da\/wp-json\/wp\/v2\/product_brand?post=652766"},{"taxonomy":"product_cat","embeddable":true,"href":"https:\/\/games.tactic.net\/da\/wp-json\/wp\/v2\/product_cat?post=652766"},{"taxonomy":"product_tag","embeddable":true,"href":"https:\/\/games.tactic.net\/da\/wp-json\/wp\/v2\/product_tag?post=652766"},{"taxonomy":"brand","embeddable":true,"href":"https:\/\/games.tactic.net\/da\/wp-json\/wp\/v2\/brand?post=652766"},{"taxonomy":"target-group","embeddable":true,"href":"https:\/\/games.tactic.net\/da\/wp-json\/wp\/v2\/target-group?post=652766"},{"taxonomy":"discontinued","embeddable":true,"href":"https:\/\/games.tactic.net\/da\/wp-json\/wp\/v2\/discontinued?post=652766"}],"curies":[{"name":"wp","href":"https:\/\/api.w.org\/{rel}","templated":true}]}}