{"id":651892,"date":"2022-10-20T12:54:16","date_gmt":"2022-10-20T09:54:16","guid":{"rendered":"http:\/\/games.tactic.net\/tuote\/mb-sprinter-fire-engine-with-ladders-waterpump-ls\/"},"modified":"2023-10-20T16:49:30","modified_gmt":"2023-10-20T13:49:30","slug":"mb-sprinter-fire-engine-with-ladders-waterpump-ls","status":"publish","type":"product","link":"https:\/\/games.tactic.net\/da\/tuote\/mb-sprinter-fire-engine-with-ladders-waterpump-ls\/","title":{"rendered":"Bruder Mercedes-Benz Sprinter fire engine with ladder, waterpump L&#038;S toy"},"content":{"rendered":"<p>Banebrydende, effektiv, p\u00e5lidelig \u2013 s\u00e5dan beskriver Mercedes Benz den nye Sprinter. Den seneste generation af Sprinter er fortsat det alsidige og popul\u00e6re professionelle transportk\u00f8ret\u00f8j. BRUDERs omfattende sortiment omfatter de nyeste sprintere i en lang r\u00e6kke designs. Mindre brandk\u00f8ret\u00f8jer bruges i stigende grad til brande, der er sv\u00e6re at bek\u00e6mpe, for eksempel i smalle gader i den gamle bydel. Sprinteren har vist sig at v\u00e6re ekstremt man\u00f8vredygtig. BRUDER har udstyret dette k\u00f8ret\u00f8j med mange realistiske funktionelle detaljer. Fokus er her p\u00e5 den udtr\u00e6kkelige drejeskivestige med redningskurv og den fuldt funktionelle vandstr\u00e5le med synligt fungerende stempelpumpe, vandtank og udtr\u00e6kbare st\u00f8tteben, diverse v\u00e6rkt\u00f8jsopbevaringsbeholdere samt det nye lys &#038; lyd modul, som er toppen af underholdningsv\u00e6rdien af \u200b\u200bdette k\u00f8ret\u00f8j.<\/p>\n","protected":false},"excerpt":{"rendered":"<p>Bruder Mercedez-Benz Sprinter brandbil med stige, vandpumpe L&#038;S<\/p>\n<p>Stige og vandpumpe kan tages i brug i legen. Ligesom der er lyd og lys p\u00e5 brandbilen.<\/p>\n","protected":false},"featured_media":0,"template":"","meta":{"content-type":"","_monsterinsights_skip_tracking":false,"_monsterinsights_sitenote_active":false,"_monsterinsights_sitenote_note":"","_monsterinsights_sitenote_category":0},"product_brand":[],"product_cat":[1498],"product_tag":[],"brand":[],"target-group":[],"discontinued":[],"class_list":{"0":"post-651892","1":"product","2":"type-product","3":"status-publish","5":"product_cat-bruder-legetoej","7":"first","8":"instock","9":"taxable","10":"shipping-taxable","11":"product-type-simple"},"aioseo_notices":[],"_links":{"self":[{"href":"https:\/\/games.tactic.net\/da\/wp-json\/wp\/v2\/product\/651892","targetHints":{"allow":["GET"]}}],"collection":[{"href":"https:\/\/games.tactic.net\/da\/wp-json\/wp\/v2\/product"}],"about":[{"href":"https:\/\/games.tactic.net\/da\/wp-json\/wp\/v2\/types\/product"}],"wp:attachment":[{"href":"https:\/\/games.tactic.net\/da\/wp-json\/wp\/v2\/media?parent=651892"}],"wp:term":[{"taxonomy":"product_brand","embeddable":true,"href":"https:\/\/games.tactic.net\/da\/wp-json\/wp\/v2\/product_brand?post=651892"},{"taxonomy":"product_cat","embeddable":true,"href":"https:\/\/games.tactic.net\/da\/wp-json\/wp\/v2\/product_cat?post=651892"},{"taxonomy":"product_tag","embeddable":true,"href":"https:\/\/games.tactic.net\/da\/wp-json\/wp\/v2\/product_tag?post=651892"},{"taxonomy":"brand","embeddable":true,"href":"https:\/\/games.tactic.net\/da\/wp-json\/wp\/v2\/brand?post=651892"},{"taxonomy":"target-group","embeddable":true,"href":"https:\/\/games.tactic.net\/da\/wp-json\/wp\/v2\/target-group?post=651892"},{"taxonomy":"discontinued","embeddable":true,"href":"https:\/\/games.tactic.net\/da\/wp-json\/wp\/v2\/discontinued?post=651892"}],"curies":[{"name":"wp","href":"https:\/\/api.w.org\/{rel}","templated":true}]}}