{"id":651527,"date":"2022-10-20T11:07:17","date_gmt":"2022-10-20T08:07:17","guid":{"rendered":"http:\/\/games.tactic.net\/tuote\/krone-big-pack-1290-with-2-square-bales-of-hay\/"},"modified":"2023-10-20T16:08:39","modified_gmt":"2023-10-20T13:08:39","slug":"krone-big-pack-1290-with-2-square-bales-of-hay","status":"publish","type":"product","link":"https:\/\/games.tactic.net\/da\/tuote\/krone-big-pack-1290-with-2-square-bales-of-hay\/","title":{"rendered":"Bruder Krone Big Pack 1290HDP VC with 2 block hay bales toy"},"content":{"rendered":"<p>Krone er en innovativ producent af h\u00f8stmaskiner. BiG Pack 1290 er topmodellen fra KRONE og f\u00e5s nu i BRUDERs landbrugssortiment. Ligesom originalen har leget\u00f8jet ogs\u00e5 imponerende og innovative funktioner. Den h\u00e6ngslede h\u00f8 pick-up er drevet af sidehjul. Sideklapperne kan \u00e5bnes og giver adgang til den detaljerede mekanik. 2 store baller kan placeres over midterklappen, og ballepresseren transporterer dem automatisk til udl\u00f8bet, n\u00e5r pickup er aktiv. Denne fantastiske nye model fra BRUDER er kompatibel med alle traktorer i 2000-, 3000- og 4000-serien. Tilf\u00f8j tilbeh\u00f8r til blokh\u00f8baller (varenr. 02342) for at g\u00f8re legen endnu sjovere.<\/p>\n","protected":false},"excerpt":{"rendered":"<p>Bruder Krone Big Pack 1290HDP VC med 2 halmballer<\/p>\n","protected":false},"featured_media":0,"template":"","meta":{"content-type":"","_monsterinsights_skip_tracking":false,"_monsterinsights_sitenote_active":false,"_monsterinsights_sitenote_note":"","_monsterinsights_sitenote_category":0},"product_brand":[],"product_cat":[1498],"product_tag":[],"brand":[],"target-group":[],"discontinued":[],"class_list":{"0":"post-651527","1":"product","2":"type-product","3":"status-publish","5":"product_cat-bruder-legetoej","7":"first","8":"instock","9":"taxable","10":"shipping-taxable","11":"product-type-simple"},"aioseo_notices":[],"_links":{"self":[{"href":"https:\/\/games.tactic.net\/da\/wp-json\/wp\/v2\/product\/651527","targetHints":{"allow":["GET"]}}],"collection":[{"href":"https:\/\/games.tactic.net\/da\/wp-json\/wp\/v2\/product"}],"about":[{"href":"https:\/\/games.tactic.net\/da\/wp-json\/wp\/v2\/types\/product"}],"wp:attachment":[{"href":"https:\/\/games.tactic.net\/da\/wp-json\/wp\/v2\/media?parent=651527"}],"wp:term":[{"taxonomy":"product_brand","embeddable":true,"href":"https:\/\/games.tactic.net\/da\/wp-json\/wp\/v2\/product_brand?post=651527"},{"taxonomy":"product_cat","embeddable":true,"href":"https:\/\/games.tactic.net\/da\/wp-json\/wp\/v2\/product_cat?post=651527"},{"taxonomy":"product_tag","embeddable":true,"href":"https:\/\/games.tactic.net\/da\/wp-json\/wp\/v2\/product_tag?post=651527"},{"taxonomy":"brand","embeddable":true,"href":"https:\/\/games.tactic.net\/da\/wp-json\/wp\/v2\/brand?post=651527"},{"taxonomy":"target-group","embeddable":true,"href":"https:\/\/games.tactic.net\/da\/wp-json\/wp\/v2\/target-group?post=651527"},{"taxonomy":"discontinued","embeddable":true,"href":"https:\/\/games.tactic.net\/da\/wp-json\/wp\/v2\/discontinued?post=651527"}],"curies":[{"name":"wp","href":"https:\/\/api.w.org\/{rel}","templated":true}]}}