{"id":651411,"date":"2022-10-20T11:05:34","date_gmt":"2022-10-20T08:05:34","guid":{"rendered":"http:\/\/games.tactic.net\/tuote\/mb-sprinter-animal-transport-with-horse\/"},"modified":"2023-10-20T17:07:48","modified_gmt":"2023-10-20T14:07:48","slug":"mb-sprinter-animal-transport-with-horse","status":"publish","type":"product","link":"https:\/\/games.tactic.net\/da\/tuote\/mb-sprinter-animal-transport-with-horse\/","title":{"rendered":"Bruder Mercedes-Benz Sprinter Dyretransport med hest leget\u00f8j"},"content":{"rendered":"<p>Banebrydende, effektiv, p\u00e5lidelig \u2013 s\u00e5dan beskriver Mercedes-Benz den nye Sprinter. Dyretransporteren har en moderne, dyrevelf\u00e6rdsm\u00e6ssig kasseopbygning med justerbar indvendig skillev\u00e6g og to vandtrug. Rampen kan klappes ned til p\u00e5- og afl\u00e6sning; rampegitre guider hestene sk\u00e5nsomt ind og ud. En hest i skala medf\u00f8lger; flere heste kan tilk\u00f8bes (nr. 02306). Maksimalt to heste kan transporteres. bworld-stalden (nr. 62506) er det perfekte tilbeh\u00f8r.<\/p>\n","protected":false},"excerpt":{"rendered":"<p>Dyretransporteren har moderne kasse, justerbar indvendig skillev\u00e6g og to vandtrug. Rampen kan foldes ned for sikker lastning og losning af heste.<\/p>\n","protected":false},"featured_media":0,"template":"","meta":{"content-type":"","_monsterinsights_skip_tracking":false,"_monsterinsights_sitenote_active":false,"_monsterinsights_sitenote_note":"","_monsterinsights_sitenote_category":0},"product_brand":[],"product_cat":[1498],"product_tag":[],"brand":[],"target-group":[],"discontinued":[],"class_list":{"0":"post-651411","1":"product","2":"type-product","3":"status-publish","5":"product_cat-bruder-legetoej","7":"first","8":"instock","9":"taxable","10":"shipping-taxable","11":"product-type-simple"},"aioseo_notices":[],"_links":{"self":[{"href":"https:\/\/games.tactic.net\/da\/wp-json\/wp\/v2\/product\/651411","targetHints":{"allow":["GET"]}}],"collection":[{"href":"https:\/\/games.tactic.net\/da\/wp-json\/wp\/v2\/product"}],"about":[{"href":"https:\/\/games.tactic.net\/da\/wp-json\/wp\/v2\/types\/product"}],"wp:attachment":[{"href":"https:\/\/games.tactic.net\/da\/wp-json\/wp\/v2\/media?parent=651411"}],"wp:term":[{"taxonomy":"product_brand","embeddable":true,"href":"https:\/\/games.tactic.net\/da\/wp-json\/wp\/v2\/product_brand?post=651411"},{"taxonomy":"product_cat","embeddable":true,"href":"https:\/\/games.tactic.net\/da\/wp-json\/wp\/v2\/product_cat?post=651411"},{"taxonomy":"product_tag","embeddable":true,"href":"https:\/\/games.tactic.net\/da\/wp-json\/wp\/v2\/product_tag?post=651411"},{"taxonomy":"brand","embeddable":true,"href":"https:\/\/games.tactic.net\/da\/wp-json\/wp\/v2\/brand?post=651411"},{"taxonomy":"target-group","embeddable":true,"href":"https:\/\/games.tactic.net\/da\/wp-json\/wp\/v2\/target-group?post=651411"},{"taxonomy":"discontinued","embeddable":true,"href":"https:\/\/games.tactic.net\/da\/wp-json\/wp\/v2\/discontinued?post=651411"}],"curies":[{"name":"wp","href":"https:\/\/api.w.org\/{rel}","templated":true}]}}