{"id":651239,"date":"2022-10-20T11:04:44","date_gmt":"2022-10-20T08:04:44","guid":{"rendered":"http:\/\/games.tactic.net\/tuote\/mb-sprinter-autotransporter-with-ls-module\/"},"modified":"2023-10-20T16:47:53","modified_gmt":"2023-10-20T13:47:53","slug":"mb-sprinter-autotransporter-with-ls-module","status":"publish","type":"product","link":"https:\/\/games.tactic.net\/da\/tuote\/mb-sprinter-autotransporter-with-ls-module\/","title":{"rendered":"Bruder Mercedes-Benz Sprinter car transporter with Roadster toy"},"content":{"rendered":"<p>Banebrydende, effektiv, p\u00e5lidelig \u2013 s\u00e5dan beskriver Mercedes Benz den nye Sprinter. Den seneste generation af Sprinter er fortsat den alsidige og popul\u00e6re  professionelle transport. BRUDERs omfattende sortiment omfatter de nyeste sprintere i en lang r\u00e6kke designs. Sprinterens stilfulde og moderne design ses ved f\u00f8rste \u00f8jekast. Sprinteren er modelleret ned til den sidste detalje af originalen. Ud over de h\u00f8jkvalitets d\u00f8re med indvendig bekl\u00e6dning og lys- og lydmodulet er kabelspillet et s\u00e6rligt h\u00f8jdepunkt. Med dette kabelspil kan \u00f8delagte k\u00f8ret\u00f8jer fjernes fra selv de mest vanskelige situationer. De sidemonterede v\u00e6rkt\u00f8jskasser bruges til at opbevare hjulklodserne, og adgangsramperne kan ogs\u00e5 skubbes direkte ind i chassiset. Den nye BRUDER roadster har et aftageligt tag og kan rumme enhver bworld-figur. For endnu mere lge gl\u00e6de har k\u00f8ret\u00f8jet det nye hjulskiftesystem installeret. For at \u00f8ge legev\u00e6rdien kan dette flotte k\u00f8ret\u00f8j udvides med bworld autov\u00e6rksted (varenr. 62110).<\/p>\n","protected":false},"excerpt":{"rendered":"<p>Bruder Mercedez-Benz Sprinter biltransporter med Roadster<\/p>\n","protected":false},"featured_media":0,"template":"","meta":{"content-type":"","_monsterinsights_skip_tracking":false,"_monsterinsights_sitenote_active":false,"_monsterinsights_sitenote_note":"","_monsterinsights_sitenote_category":0},"product_brand":[],"product_cat":[1498],"product_tag":[],"brand":[],"target-group":[],"discontinued":[],"class_list":{"0":"post-651239","1":"product","2":"type-product","3":"status-publish","5":"product_cat-bruder-legetoej","7":"first","8":"instock","9":"taxable","10":"shipping-taxable","11":"product-type-simple"},"aioseo_notices":[],"_links":{"self":[{"href":"https:\/\/games.tactic.net\/da\/wp-json\/wp\/v2\/product\/651239","targetHints":{"allow":["GET"]}}],"collection":[{"href":"https:\/\/games.tactic.net\/da\/wp-json\/wp\/v2\/product"}],"about":[{"href":"https:\/\/games.tactic.net\/da\/wp-json\/wp\/v2\/types\/product"}],"wp:attachment":[{"href":"https:\/\/games.tactic.net\/da\/wp-json\/wp\/v2\/media?parent=651239"}],"wp:term":[{"taxonomy":"product_brand","embeddable":true,"href":"https:\/\/games.tactic.net\/da\/wp-json\/wp\/v2\/product_brand?post=651239"},{"taxonomy":"product_cat","embeddable":true,"href":"https:\/\/games.tactic.net\/da\/wp-json\/wp\/v2\/product_cat?post=651239"},{"taxonomy":"product_tag","embeddable":true,"href":"https:\/\/games.tactic.net\/da\/wp-json\/wp\/v2\/product_tag?post=651239"},{"taxonomy":"brand","embeddable":true,"href":"https:\/\/games.tactic.net\/da\/wp-json\/wp\/v2\/brand?post=651239"},{"taxonomy":"target-group","embeddable":true,"href":"https:\/\/games.tactic.net\/da\/wp-json\/wp\/v2\/target-group?post=651239"},{"taxonomy":"discontinued","embeddable":true,"href":"https:\/\/games.tactic.net\/da\/wp-json\/wp\/v2\/discontinued?post=651239"}],"curies":[{"name":"wp","href":"https:\/\/api.w.org\/{rel}","templated":true}]}}