{"id":651025,"date":"2022-10-20T11:03:35","date_gmt":"2022-10-20T08:03:35","guid":{"rendered":"http:\/\/games.tactic.net\/tuote\/mb-sprinter-ambulance-with-driver-and-ls\/"},"modified":"2023-10-20T16:47:28","modified_gmt":"2023-10-20T13:47:28","slug":"mb-sprinter-ambulance-with-driver-and-ls","status":"publish","type":"product","link":"https:\/\/games.tactic.net\/da\/tuote\/mb-sprinter-ambulance-with-driver-and-ls\/","title":{"rendered":"Bruder Mercedes-Benz Sprinter Ambulance med chauff\u00f8r leget\u00f8j"},"content":{"rendered":"<p>Banebrydende, effektiv, p\u00e5lidelig \u2013 s\u00e5dan beskriver Mercedes-Benz den nye Sprinter. N\u00f8d- og redningsk\u00f8ret\u00f8jer er centrale hos BRUDER, og MB Sprinter ambulance fuldender nu serien. Paramedicineren (inkluderet) kan g\u00e5 ind gennem de \u00e5bne f\u00f8rerd\u00f8re. Takket v\u00e6re det nye lys- og lydmodul med flere sirener og lysfunktioner n\u00e5r ambulancen hurtigt og sikkert frem. Behandlingsomr\u00e5det n\u00e5s via bag- og sided\u00f8re samt den aftagelige tagdel. B\u00e5rens h\u00f8jde kan justeres, og den kan k\u00f8res ind og ud \u2013 \u201cligesom i virkeligheden\u201d. Udbyg med s\u00e6t 62710 (paramediciner og patient) og bworld hospital (nr. 62711).<\/p>\n","protected":false},"excerpt":{"rendered":"<p>Mercedes-Benz Sprinter ambulance: nyeste generation med masser af funktioner. Paramediciner og Lys &#038; Lyd modul sikrer realistisk n\u00f8dhj\u00e6lpsleg.<\/p>\n","protected":false},"featured_media":0,"template":"","meta":{"content-type":"","_monsterinsights_skip_tracking":false,"_monsterinsights_sitenote_active":false,"_monsterinsights_sitenote_note":"","_monsterinsights_sitenote_category":0},"product_brand":[],"product_cat":[1498],"product_tag":[],"brand":[],"target-group":[],"discontinued":[],"class_list":{"0":"post-651025","1":"product","2":"type-product","3":"status-publish","5":"product_cat-bruder-legetoej","7":"first","8":"instock","9":"taxable","10":"shipping-taxable","11":"product-type-simple"},"aioseo_notices":[],"_links":{"self":[{"href":"https:\/\/games.tactic.net\/da\/wp-json\/wp\/v2\/product\/651025","targetHints":{"allow":["GET"]}}],"collection":[{"href":"https:\/\/games.tactic.net\/da\/wp-json\/wp\/v2\/product"}],"about":[{"href":"https:\/\/games.tactic.net\/da\/wp-json\/wp\/v2\/types\/product"}],"wp:attachment":[{"href":"https:\/\/games.tactic.net\/da\/wp-json\/wp\/v2\/media?parent=651025"}],"wp:term":[{"taxonomy":"product_brand","embeddable":true,"href":"https:\/\/games.tactic.net\/da\/wp-json\/wp\/v2\/product_brand?post=651025"},{"taxonomy":"product_cat","embeddable":true,"href":"https:\/\/games.tactic.net\/da\/wp-json\/wp\/v2\/product_cat?post=651025"},{"taxonomy":"product_tag","embeddable":true,"href":"https:\/\/games.tactic.net\/da\/wp-json\/wp\/v2\/product_tag?post=651025"},{"taxonomy":"brand","embeddable":true,"href":"https:\/\/games.tactic.net\/da\/wp-json\/wp\/v2\/brand?post=651025"},{"taxonomy":"target-group","embeddable":true,"href":"https:\/\/games.tactic.net\/da\/wp-json\/wp\/v2\/target-group?post=651025"},{"taxonomy":"discontinued","embeddable":true,"href":"https:\/\/games.tactic.net\/da\/wp-json\/wp\/v2\/discontinued?post=651025"}],"curies":[{"name":"wp","href":"https:\/\/api.w.org\/{rel}","templated":true}]}}