{"id":650727,"date":"2022-10-20T11:00:06","date_gmt":"2022-10-20T08:00:06","guid":{"rendered":"http:\/\/games.tactic.net\/tuote\/mb-sprinter-municipal-with-driver-ls-and-access\/"},"modified":"2023-10-20T16:49:59","modified_gmt":"2023-10-20T13:49:59","slug":"mb-sprinter-municipal-with-driver-ls-and-access","status":"publish","type":"product","link":"https:\/\/games.tactic.net\/da\/tuote\/mb-sprinter-municipal-with-driver-ls-and-access\/","title":{"rendered":"Bruder Mercedes-Benz Sprinter municipal vehicle with driver, accessories and L&#038;S toy"},"content":{"rendered":"<p>Banebrydende, effektiv, p\u00e5lidelig \u2013 s\u00e5dan beskriver Mercedes Benz den nye Sprinter. Den seneste generation af Sprinter er fortsat det alsidige og popul\u00e6re professionelle transportk\u00f8ret\u00f8j. BRUDERs omfattende sortiment omfatter de nyeste sprintere i en lang r\u00e6kke designs. Reparationer og vedligeholdelse p\u00e5 veje, fortove og i parker er almindelige i enhver by og kommune. Som f\u00f8lge af sin st\u00f8rrelse og varierende karakter er MB Sprinter mange kommuners foretrukne k\u00f8ret\u00f8j til denne type arbejde. Denne uundv\u00e6rlige hj\u00e6lper er nu blevet tilf\u00f8jet til Bruder-serien i en skala p\u00e5 1:16. K\u00f8ret\u00f8jet har en vippeplatform og sideporte, der kan \u00e5bnes.  Bruder bygningsarbejderen inklusive trilleb\u00f8r, v\u00e6rkt\u00f8j, skilte og trafikkegler er ogs\u00e5 inkluderet, s\u00e5 du straks kan begynde at lege. Sprinter har et lys- og lydmodul for at \u00f8ge dens synlighed. Ud over tre forskellige sirenelyde kan modulet ogs\u00e5 udsende k\u00f8ret\u00f8jets motorlyd. Derfor er der intet der kan s\u00e6tte en stopper for den n\u00e6ste byggeplads p\u00e5 dit b\u00f8rnev\u00e6relse.<\/p>\n","protected":false},"excerpt":{"rendered":"<p>Bruder Mercedez-Benz Sprinter kommunalt ladvogn med chauff\u00f8r. K\u00f8ret\u00f8jet er med lys og lyd. Der med f\u00f8lger kegler, skilte mm.<\/p>\n","protected":false},"featured_media":0,"template":"","meta":{"content-type":"","_monsterinsights_skip_tracking":false,"_monsterinsights_sitenote_active":false,"_monsterinsights_sitenote_note":"","_monsterinsights_sitenote_category":0},"product_brand":[],"product_cat":[1498],"product_tag":[],"brand":[],"target-group":[],"discontinued":[],"class_list":{"0":"post-650727","1":"product","2":"type-product","3":"status-publish","5":"product_cat-bruder-legetoej","7":"first","8":"instock","9":"taxable","10":"shipping-taxable","11":"product-type-simple"},"aioseo_notices":[],"_links":{"self":[{"href":"https:\/\/games.tactic.net\/da\/wp-json\/wp\/v2\/product\/650727","targetHints":{"allow":["GET"]}}],"collection":[{"href":"https:\/\/games.tactic.net\/da\/wp-json\/wp\/v2\/product"}],"about":[{"href":"https:\/\/games.tactic.net\/da\/wp-json\/wp\/v2\/types\/product"}],"wp:attachment":[{"href":"https:\/\/games.tactic.net\/da\/wp-json\/wp\/v2\/media?parent=650727"}],"wp:term":[{"taxonomy":"product_brand","embeddable":true,"href":"https:\/\/games.tactic.net\/da\/wp-json\/wp\/v2\/product_brand?post=650727"},{"taxonomy":"product_cat","embeddable":true,"href":"https:\/\/games.tactic.net\/da\/wp-json\/wp\/v2\/product_cat?post=650727"},{"taxonomy":"product_tag","embeddable":true,"href":"https:\/\/games.tactic.net\/da\/wp-json\/wp\/v2\/product_tag?post=650727"},{"taxonomy":"brand","embeddable":true,"href":"https:\/\/games.tactic.net\/da\/wp-json\/wp\/v2\/brand?post=650727"},{"taxonomy":"target-group","embeddable":true,"href":"https:\/\/games.tactic.net\/da\/wp-json\/wp\/v2\/target-group?post=650727"},{"taxonomy":"discontinued","embeddable":true,"href":"https:\/\/games.tactic.net\/da\/wp-json\/wp\/v2\/discontinued?post=650727"}],"curies":[{"name":"wp","href":"https:\/\/api.w.org\/{rel}","templated":true}]}}