{"id":650066,"date":"2022-10-20T10:51:18","date_gmt":"2022-10-20T07:51:18","guid":{"rendered":"http:\/\/games.tactic.net\/tuote\/tz-c-life-ls-tractor-trailer\/"},"modified":"2025-05-07T10:46:25","modified_gmt":"2025-05-07T07:46:25","slug":"tz-c-life-ls-tractor-trailer","status":"archive","type":"product","link":"https:\/\/games.tactic.net\/da\/tuote\/tz-c-life-ls-tractor-trailer\/","title":{"rendered":"Teamsterz Coyntry Life Tractor  Trailer with LS toy"},"content":{"rendered":"<p>Super fin r\u00f8d traktor fra Teamsterz med lys og lyd. Tryk p\u00e5 knappen p\u00e5 toppen af traktorens f\u00f8rerhus, og traktoren vil b\u00e5de lyse og udsende motor og dyre lyde. Traktoren har trailer bagp\u00e5. Traktoren f\u00e5s i 3 varianter og farver.<br \/>\nBruger 3 x LR44-batterier. Batterier med f\u00f8lger. Anbefales fra 3 \u00e5r.<\/p>\n","protected":false},"excerpt":{"rendered":"<p>Teamsterz Country Life Traktor med lys og lyd. Asst.<\/p>\n","protected":false},"featured_media":0,"template":"","meta":{"content-type":"","_monsterinsights_skip_tracking":false,"_monsterinsights_sitenote_active":false,"_monsterinsights_sitenote_note":"","_monsterinsights_sitenote_category":0},"product_brand":[],"product_cat":[1615],"product_tag":[],"brand":[],"target-group":[],"discontinued":[],"class_list":{"0":"post-650066","1":"product","2":"type-product","3":"status-archive","5":"product_cat-teamsterz-legetoej","7":"first","8":"outofstock","9":"taxable","10":"shipping-taxable","11":"product-type-simple"},"aioseo_notices":[],"_links":{"self":[{"href":"https:\/\/games.tactic.net\/da\/wp-json\/wp\/v2\/product\/650066","targetHints":{"allow":["GET"]}}],"collection":[{"href":"https:\/\/games.tactic.net\/da\/wp-json\/wp\/v2\/product"}],"about":[{"href":"https:\/\/games.tactic.net\/da\/wp-json\/wp\/v2\/types\/product"}],"wp:attachment":[{"href":"https:\/\/games.tactic.net\/da\/wp-json\/wp\/v2\/media?parent=650066"}],"wp:term":[{"taxonomy":"product_brand","embeddable":true,"href":"https:\/\/games.tactic.net\/da\/wp-json\/wp\/v2\/product_brand?post=650066"},{"taxonomy":"product_cat","embeddable":true,"href":"https:\/\/games.tactic.net\/da\/wp-json\/wp\/v2\/product_cat?post=650066"},{"taxonomy":"product_tag","embeddable":true,"href":"https:\/\/games.tactic.net\/da\/wp-json\/wp\/v2\/product_tag?post=650066"},{"taxonomy":"brand","embeddable":true,"href":"https:\/\/games.tactic.net\/da\/wp-json\/wp\/v2\/brand?post=650066"},{"taxonomy":"target-group","embeddable":true,"href":"https:\/\/games.tactic.net\/da\/wp-json\/wp\/v2\/target-group?post=650066"},{"taxonomy":"discontinued","embeddable":true,"href":"https:\/\/games.tactic.net\/da\/wp-json\/wp\/v2\/discontinued?post=650066"}],"curies":[{"name":"wp","href":"https:\/\/api.w.org\/{rel}","templated":true}]}}