{"id":649907,"date":"2022-10-20T10:49:37","date_gmt":"2022-10-20T07:49:37","guid":{"rendered":"http:\/\/games.tactic.net\/tuote\/accessories-rotating-beacon-light\/"},"modified":"2023-10-11T09:24:16","modified_gmt":"2023-10-11T06:24:16","slug":"accessories-rotating-beacon-light","status":"publish","type":"product","link":"https:\/\/games.tactic.net\/da\/tuote\/accessories-rotating-beacon-light\/","title":{"rendered":"Bruder Rotating beacon accessories"},"content":{"rendered":"<p>Det nye BRUDER roterende blinklys kan monteres p\u00e5 n\u00e6sten alle k\u00f8ret\u00f8jer og temas\u00e6t. Den er udstyret med BRUDER standardstik, en adapter til BRUDER skillev\u00e6gge og en kl\u00e6bestrimmel. 3 udskiftelige covers er med for at give mulighed for forskellige farve valg.<\/p>\n","protected":false},"excerpt":{"rendered":"<p>Det nye BRUDER roterende blinklys kan monteres p\u00e5 n\u00e6sten alle k\u00f8ret\u00f8jer og temas\u00e6t. Den er udstyret med BRUDER standardstik, en adapter til BRUDER skillev\u00e6gge og en kl\u00e6bestrimmel. 3 udskiftelige covers er med for at give mulighed for forskellige farve valg.<\/p>\n","protected":false},"featured_media":0,"template":"","meta":{"content-type":"","_monsterinsights_skip_tracking":false,"_monsterinsights_sitenote_active":false,"_monsterinsights_sitenote_note":"","_monsterinsights_sitenote_category":0},"product_brand":[],"product_cat":[1498],"product_tag":[],"brand":[],"target-group":[],"discontinued":[],"class_list":{"0":"post-649907","1":"product","2":"type-product","3":"status-publish","5":"product_cat-bruder-legetoej","7":"first","8":"instock","9":"taxable","10":"shipping-taxable","11":"product-type-simple"},"aioseo_notices":[],"_links":{"self":[{"href":"https:\/\/games.tactic.net\/da\/wp-json\/wp\/v2\/product\/649907","targetHints":{"allow":["GET"]}}],"collection":[{"href":"https:\/\/games.tactic.net\/da\/wp-json\/wp\/v2\/product"}],"about":[{"href":"https:\/\/games.tactic.net\/da\/wp-json\/wp\/v2\/types\/product"}],"wp:attachment":[{"href":"https:\/\/games.tactic.net\/da\/wp-json\/wp\/v2\/media?parent=649907"}],"wp:term":[{"taxonomy":"product_brand","embeddable":true,"href":"https:\/\/games.tactic.net\/da\/wp-json\/wp\/v2\/product_brand?post=649907"},{"taxonomy":"product_cat","embeddable":true,"href":"https:\/\/games.tactic.net\/da\/wp-json\/wp\/v2\/product_cat?post=649907"},{"taxonomy":"product_tag","embeddable":true,"href":"https:\/\/games.tactic.net\/da\/wp-json\/wp\/v2\/product_tag?post=649907"},{"taxonomy":"brand","embeddable":true,"href":"https:\/\/games.tactic.net\/da\/wp-json\/wp\/v2\/brand?post=649907"},{"taxonomy":"target-group","embeddable":true,"href":"https:\/\/games.tactic.net\/da\/wp-json\/wp\/v2\/target-group?post=649907"},{"taxonomy":"discontinued","embeddable":true,"href":"https:\/\/games.tactic.net\/da\/wp-json\/wp\/v2\/discontinued?post=649907"}],"curies":[{"name":"wp","href":"https:\/\/api.w.org\/{rel}","templated":true}]}}