{"id":649847,"date":"2022-10-20T10:48:50","date_gmt":"2022-10-20T07:48:50","guid":{"rendered":"http:\/\/games.tactic.net\/tuote\/mb-sprinter-camper-with-driver\/"},"modified":"2025-01-13T09:44:19","modified_gmt":"2025-01-13T07:44:19","slug":"mb-sprinter-camper-with-driver","status":"archive","type":"product","link":"https:\/\/games.tactic.net\/da\/tuote\/mb-sprinter-camper-with-driver\/","title":{"rendered":"Bruder Mercedes-Benz Sprinter Camper with driver toy"},"content":{"rendered":"<p>Camping er absolut popil\u00e6rt. Mobile home-registreringer i hele Europa n\u00e5ede nye h\u00f8jder i 2018 og 2019. Dette sp\u00e6ndende univers kan nu opleves af unge campister hos BRUDER. Den nye MB Sprinter er ogs\u00e5 s\u00e6rdeles succesfuld som basismodel til autocampere. BRUDER-versionen af \u200b\u200bden nye MB Sprinter camper har et imponerende detaljeringsniveau og alsidighed. F\u00f8rerkabined\u00f8ren og bagd\u00f8rene \u00e5bnes. Her har den medf\u00f8lgende bworld-figur adgang til den integrerede dobbeltseng og stort opbevaringsrum. Et s\u00e6rligt h\u00f8jdepunkt er den nyudviklede skyded\u00f8r i passagersiden, som giver adgang til k\u00f8kkendelen. Campingvognen har et udtr\u00e6kbart fortelt til solrige dage samt stilfulde campingm\u00f8bler og service. Fantastisk tilbeh\u00f8r til camperen er bworld kajak (varenr. 63155), som kan transporteres p\u00e5 taget, samt bworld mountainbike (varenr. 63111) og bworld racercyklen (varenr. 63110).<\/p>\n","protected":false},"excerpt":{"rendered":"<p>Bruder Mercedez-Benz Sprinter Camper med chauff\u00f8r<\/p>\n","protected":false},"featured_media":0,"template":"","meta":{"content-type":"","_monsterinsights_skip_tracking":false,"_monsterinsights_sitenote_active":false,"_monsterinsights_sitenote_note":"","_monsterinsights_sitenote_category":0},"product_brand":[],"product_cat":[1498],"product_tag":[],"brand":[],"target-group":[],"discontinued":[],"class_list":{"0":"post-649847","1":"product","2":"type-product","3":"status-archive","5":"product_cat-bruder-legetoej","7":"first","8":"outofstock","9":"taxable","10":"shipping-taxable","11":"product-type-simple"},"aioseo_notices":[],"_links":{"self":[{"href":"https:\/\/games.tactic.net\/da\/wp-json\/wp\/v2\/product\/649847","targetHints":{"allow":["GET"]}}],"collection":[{"href":"https:\/\/games.tactic.net\/da\/wp-json\/wp\/v2\/product"}],"about":[{"href":"https:\/\/games.tactic.net\/da\/wp-json\/wp\/v2\/types\/product"}],"wp:attachment":[{"href":"https:\/\/games.tactic.net\/da\/wp-json\/wp\/v2\/media?parent=649847"}],"wp:term":[{"taxonomy":"product_brand","embeddable":true,"href":"https:\/\/games.tactic.net\/da\/wp-json\/wp\/v2\/product_brand?post=649847"},{"taxonomy":"product_cat","embeddable":true,"href":"https:\/\/games.tactic.net\/da\/wp-json\/wp\/v2\/product_cat?post=649847"},{"taxonomy":"product_tag","embeddable":true,"href":"https:\/\/games.tactic.net\/da\/wp-json\/wp\/v2\/product_tag?post=649847"},{"taxonomy":"brand","embeddable":true,"href":"https:\/\/games.tactic.net\/da\/wp-json\/wp\/v2\/brand?post=649847"},{"taxonomy":"target-group","embeddable":true,"href":"https:\/\/games.tactic.net\/da\/wp-json\/wp\/v2\/target-group?post=649847"},{"taxonomy":"discontinued","embeddable":true,"href":"https:\/\/games.tactic.net\/da\/wp-json\/wp\/v2\/discontinued?post=649847"}],"curies":[{"name":"wp","href":"https:\/\/api.w.org\/{rel}","templated":true}]}}