{"id":649787,"date":"2022-10-20T10:48:04","date_gmt":"2022-10-20T07:48:04","guid":{"rendered":"http:\/\/games.tactic.net\/tuote\/mb-sprinter-transfer-with-driver-and-passenger\/"},"modified":"2025-03-03T09:47:03","modified_gmt":"2025-03-03T07:47:03","slug":"mb-sprinter-transfer-with-driver-and-passenger","status":"archive","type":"product","link":"https:\/\/games.tactic.net\/da\/tuote\/mb-sprinter-transfer-with-driver-and-passenger\/","title":{"rendered":"Bruder Mercedes-Benz Sprinter Transfer with driver and passenger toy"},"content":{"rendered":"<p>Sprinter Transfer giver n\u00e6sten ubegr\u00e6nsede anvendelsesmuligheder med sit store antal varianter. Fra skolebusser eller mandskabsbusser til effektive lufthavnstransporter og komfortable intercitybusser. Denne Sprinter tilbyder maksimal fleksibilitet. Den nye Sprinter-model er nu en del af BRUDER-serien. F\u00f8rerkabined\u00f8ren og bagd\u00f8rene \u00e5bnes. Et s\u00e6rligt h\u00f8jdepunkt er den nyudviklede skyded\u00f8r p\u00e5 passagersiden. Interi\u00f8ret er fleksibelt designet. De bagerste s\u00e6der\u00e6kker kan monteres i forskellige retninger eller fjernes helt. Der medf\u00f8lger disse figurer: en passager og en chauff\u00f8r. Alle bworld-figurer og BRUDER roadster (varenr. 03481) fra det brede BRUDER-sortiment passer til dette k\u00f8ret\u00f8j.<\/p>\n","protected":false},"excerpt":{"rendered":"<p>Bruder Mercedez-Benz Sprinter Transfer med chauff\u00f8r og passagerer.<\/p>\n","protected":false},"featured_media":0,"template":"","meta":{"content-type":"","_monsterinsights_skip_tracking":false,"_monsterinsights_sitenote_active":false,"_monsterinsights_sitenote_note":"","_monsterinsights_sitenote_category":0},"product_brand":[],"product_cat":[1498],"product_tag":[],"brand":[],"target-group":[],"discontinued":[],"class_list":{"0":"post-649787","1":"product","2":"type-product","3":"status-archive","5":"product_cat-bruder-legetoej","7":"first","8":"outofstock","9":"taxable","10":"shipping-taxable","11":"product-type-simple"},"aioseo_notices":[],"_links":{"self":[{"href":"https:\/\/games.tactic.net\/da\/wp-json\/wp\/v2\/product\/649787","targetHints":{"allow":["GET"]}}],"collection":[{"href":"https:\/\/games.tactic.net\/da\/wp-json\/wp\/v2\/product"}],"about":[{"href":"https:\/\/games.tactic.net\/da\/wp-json\/wp\/v2\/types\/product"}],"wp:attachment":[{"href":"https:\/\/games.tactic.net\/da\/wp-json\/wp\/v2\/media?parent=649787"}],"wp:term":[{"taxonomy":"product_brand","embeddable":true,"href":"https:\/\/games.tactic.net\/da\/wp-json\/wp\/v2\/product_brand?post=649787"},{"taxonomy":"product_cat","embeddable":true,"href":"https:\/\/games.tactic.net\/da\/wp-json\/wp\/v2\/product_cat?post=649787"},{"taxonomy":"product_tag","embeddable":true,"href":"https:\/\/games.tactic.net\/da\/wp-json\/wp\/v2\/product_tag?post=649787"},{"taxonomy":"brand","embeddable":true,"href":"https:\/\/games.tactic.net\/da\/wp-json\/wp\/v2\/brand?post=649787"},{"taxonomy":"target-group","embeddable":true,"href":"https:\/\/games.tactic.net\/da\/wp-json\/wp\/v2\/target-group?post=649787"},{"taxonomy":"discontinued","embeddable":true,"href":"https:\/\/games.tactic.net\/da\/wp-json\/wp\/v2\/discontinued?post=649787"}],"curies":[{"name":"wp","href":"https:\/\/api.w.org\/{rel}","templated":true}]}}