{"id":649727,"date":"2022-10-20T10:45:28","date_gmt":"2022-10-20T07:45:28","guid":{"rendered":"http:\/\/games.tactic.net\/tuote\/tz-tiny-teamsterz-transporter-2-cars\/"},"modified":"2025-08-25T10:41:55","modified_gmt":"2025-08-25T07:41:55","slug":"tz-tiny-teamsterz-transporter-2-cars","status":"archive","type":"product","link":"https:\/\/games.tactic.net\/da\/tuote\/tz-tiny-teamsterz-transporter-2-cars\/","title":{"rendered":"Tiny Teamsterz Transporter and 2 toy cars"},"content":{"rendered":"<p>S\u00f8d bil til tumling fra Tiny Teamsterz. Bilen er nem at h\u00e5ndtere for sm\u00e5 h\u00e6nder og giver en god \u00f8velse for b\u00f8rnenes h\u00e5nd-motorik. K\u00f8ret\u00f8jerne findes i assorterede varianter. Fra 12 mdr.<br \/>\nBrum brum! K\u00f8r bilerne op p\u00e5 ladet og k\u00f8r dem v\u00e6k i Tiny Teamsterz Transporter. De 2  Tiny Teamsterz-biler inkluderet, er bl\u00f8de og nemme for de sm\u00e5 b\u00f8rne h\u00e6nder at gribeomkring. De er designet i lyse, sjove farver med sjove karakteransigter. Transporteren k\u00f8rer super godt, og de bev\u00e6gelige l\u00e6sseramper g\u00f8r det nemt at transportere til de \u00f8vre eller nedre niveauer, der tilsammen kan rumme op til 4 biler. Den afrundede \u00e6stetik af Tiny Teamsterz Transporter med sit muntre ansigt vil appellere til f\u00f8rskoleb\u00f8rn og nybilentusiaster. Velegnet til alderen 12 m\u00e5neder +.<\/p>\n","protected":false},"excerpt":{"rendered":"<p>Tiny Teamsterz biltransporter med 2 soft biler<\/p>\n","protected":false},"featured_media":0,"template":"","meta":{"content-type":"","_monsterinsights_skip_tracking":false,"_monsterinsights_sitenote_active":false,"_monsterinsights_sitenote_note":"","_monsterinsights_sitenote_category":0},"product_brand":[],"product_cat":[1615],"product_tag":[],"brand":[],"target-group":[],"discontinued":[],"class_list":{"0":"post-649727","1":"product","2":"type-product","3":"status-archive","5":"product_cat-teamsterz-legetoej","7":"first","8":"outofstock","9":"taxable","10":"shipping-taxable","11":"product-type-simple"},"aioseo_notices":[],"_links":{"self":[{"href":"https:\/\/games.tactic.net\/da\/wp-json\/wp\/v2\/product\/649727","targetHints":{"allow":["GET"]}}],"collection":[{"href":"https:\/\/games.tactic.net\/da\/wp-json\/wp\/v2\/product"}],"about":[{"href":"https:\/\/games.tactic.net\/da\/wp-json\/wp\/v2\/types\/product"}],"wp:attachment":[{"href":"https:\/\/games.tactic.net\/da\/wp-json\/wp\/v2\/media?parent=649727"}],"wp:term":[{"taxonomy":"product_brand","embeddable":true,"href":"https:\/\/games.tactic.net\/da\/wp-json\/wp\/v2\/product_brand?post=649727"},{"taxonomy":"product_cat","embeddable":true,"href":"https:\/\/games.tactic.net\/da\/wp-json\/wp\/v2\/product_cat?post=649727"},{"taxonomy":"product_tag","embeddable":true,"href":"https:\/\/games.tactic.net\/da\/wp-json\/wp\/v2\/product_tag?post=649727"},{"taxonomy":"brand","embeddable":true,"href":"https:\/\/games.tactic.net\/da\/wp-json\/wp\/v2\/brand?post=649727"},{"taxonomy":"target-group","embeddable":true,"href":"https:\/\/games.tactic.net\/da\/wp-json\/wp\/v2\/target-group?post=649727"},{"taxonomy":"discontinued","embeddable":true,"href":"https:\/\/games.tactic.net\/da\/wp-json\/wp\/v2\/discontinued?post=649727"}],"curies":[{"name":"wp","href":"https:\/\/api.w.org\/{rel}","templated":true}]}}