{"id":649471,"date":"2022-10-20T10:44:05","date_gmt":"2022-10-20T07:44:05","guid":{"rendered":"http:\/\/games.tactic.net\/tuote\/tz-tiny-teamsterz-single-in-cdu\/"},"modified":"2025-12-16T10:23:29","modified_gmt":"2025-12-16T08:23:29","slug":"tz-tiny-teamsterz-single-in-cdu","status":"archive","type":"product","link":"https:\/\/games.tactic.net\/da\/tuote\/tz-tiny-teamsterz-single-in-cdu\/","title":{"rendered":"Tiny Teamsterz Single toy car"},"content":{"rendered":"<p>Tiny Teamsterz l\u00f8se biler &#8211; 16 ass.<br \/>\nBrum brum! G\u00e5 i gang med Tiny Teamsterz Single Vehicle. Disse fine k\u00f8ret\u00f8jer er lavet af bl\u00f8d, let materiale og nemme for barnets h\u00e5nd at gribe omkring. De er designet i lyse, sjove farver med s\u00f8de ansigter. Disse s\u00f8de k\u00f8ret\u00f8jer kommer i et udvalg af 8  varianter. Du kan v\u00e6lge mellem; brandbil, ambulance, politibil, skraldebil, tr\u00e6kvogn, 2 forskellige sportsvogne og en helikopter med manuelt roterende propelblade. Den perfekte gave til enhver entusiastisk lille chauff\u00f8r, der byder p\u00e5 timevis af fantasifuld sjov! Velegnet til alderen 12m+.<\/p>\n","protected":false},"excerpt":{"rendered":"<p>Tiny Teamsterz 1 stk bil<\/p>\n","protected":false},"featured_media":0,"template":"","meta":{"content-type":"","_monsterinsights_skip_tracking":false,"_monsterinsights_sitenote_active":false,"_monsterinsights_sitenote_note":"","_monsterinsights_sitenote_category":0},"product_brand":[],"product_cat":[1615],"product_tag":[],"brand":[],"target-group":[],"discontinued":[],"class_list":{"0":"post-649471","1":"product","2":"type-product","3":"status-archive","5":"product_cat-teamsterz-legetoej","7":"first","8":"outofstock","9":"taxable","10":"shipping-taxable","11":"product-type-simple"},"aioseo_notices":[],"_links":{"self":[{"href":"https:\/\/games.tactic.net\/da\/wp-json\/wp\/v2\/product\/649471","targetHints":{"allow":["GET"]}}],"collection":[{"href":"https:\/\/games.tactic.net\/da\/wp-json\/wp\/v2\/product"}],"about":[{"href":"https:\/\/games.tactic.net\/da\/wp-json\/wp\/v2\/types\/product"}],"wp:attachment":[{"href":"https:\/\/games.tactic.net\/da\/wp-json\/wp\/v2\/media?parent=649471"}],"wp:term":[{"taxonomy":"product_brand","embeddable":true,"href":"https:\/\/games.tactic.net\/da\/wp-json\/wp\/v2\/product_brand?post=649471"},{"taxonomy":"product_cat","embeddable":true,"href":"https:\/\/games.tactic.net\/da\/wp-json\/wp\/v2\/product_cat?post=649471"},{"taxonomy":"product_tag","embeddable":true,"href":"https:\/\/games.tactic.net\/da\/wp-json\/wp\/v2\/product_tag?post=649471"},{"taxonomy":"brand","embeddable":true,"href":"https:\/\/games.tactic.net\/da\/wp-json\/wp\/v2\/brand?post=649471"},{"taxonomy":"target-group","embeddable":true,"href":"https:\/\/games.tactic.net\/da\/wp-json\/wp\/v2\/target-group?post=649471"},{"taxonomy":"discontinued","embeddable":true,"href":"https:\/\/games.tactic.net\/da\/wp-json\/wp\/v2\/discontinued?post=649471"}],"curies":[{"name":"wp","href":"https:\/\/api.w.org\/{rel}","templated":true}]}}