{"id":649146,"date":"2022-10-20T10:39:38","date_gmt":"2022-10-20T07:39:38","guid":{"rendered":"http:\/\/games.tactic.net\/tuote\/tz-colour-change-car\/"},"modified":"2025-12-16T10:24:21","modified_gmt":"2025-12-16T08:24:21","slug":"tz-colour-change-car","status":"archive","type":"product","link":"https:\/\/games.tactic.net\/da\/tuote\/tz-colour-change-car\/","title":{"rendered":"Teamsterz Street Starz Colour Change toy car"},"content":{"rendered":"<p>G\u00f8r dig klar til at k\u00f8re med stil med Teamsterz Street Moverz Color Change Jet Racer! Tryk p\u00e5 knappen for at se bilen forvandle sig til en helt anden farve, mens den k\u00f8rer afsted! Sp\u00e6ndingen slutter ikke der: Tryk p\u00e5 de andre knapper for at aktivere sp\u00e6ndende musik og realistiske motorlyde blandt de farveskiftende funktioner. Den perfekte gave til enhver entusiastisk lille chauff\u00f8r: tilbyder timevis af fantasifuld sjov! Hj\u00e6lper med at udvikle dit barns sociale f\u00e6rdigheder og finmotorik, da dette k\u00f8ret\u00f8j er den perfekte st\u00f8rrelse til push-leg. F\u00e5s i bl\u00e5 eller gul. Batterier medf\u00f8lger 3 x AA. Fra 3 \u00e5r.<\/p>\n","protected":false},"excerpt":{"rendered":"<p>Teamsterz Street Moverz Colour Change bil med lyd og lys. Asst.<\/p>\n","protected":false},"featured_media":0,"template":"","meta":{"content-type":"","_monsterinsights_skip_tracking":false,"_monsterinsights_sitenote_active":false,"_monsterinsights_sitenote_note":"","_monsterinsights_sitenote_category":0},"product_brand":[],"product_cat":[1615],"product_tag":[],"brand":[],"target-group":[],"discontinued":[],"class_list":{"0":"post-649146","1":"product","2":"type-product","3":"status-archive","5":"product_cat-teamsterz-legetoej","7":"first","8":"outofstock","9":"taxable","10":"shipping-taxable","11":"product-type-simple"},"aioseo_notices":[],"_links":{"self":[{"href":"https:\/\/games.tactic.net\/da\/wp-json\/wp\/v2\/product\/649146","targetHints":{"allow":["GET"]}}],"collection":[{"href":"https:\/\/games.tactic.net\/da\/wp-json\/wp\/v2\/product"}],"about":[{"href":"https:\/\/games.tactic.net\/da\/wp-json\/wp\/v2\/types\/product"}],"wp:attachment":[{"href":"https:\/\/games.tactic.net\/da\/wp-json\/wp\/v2\/media?parent=649146"}],"wp:term":[{"taxonomy":"product_brand","embeddable":true,"href":"https:\/\/games.tactic.net\/da\/wp-json\/wp\/v2\/product_brand?post=649146"},{"taxonomy":"product_cat","embeddable":true,"href":"https:\/\/games.tactic.net\/da\/wp-json\/wp\/v2\/product_cat?post=649146"},{"taxonomy":"product_tag","embeddable":true,"href":"https:\/\/games.tactic.net\/da\/wp-json\/wp\/v2\/product_tag?post=649146"},{"taxonomy":"brand","embeddable":true,"href":"https:\/\/games.tactic.net\/da\/wp-json\/wp\/v2\/brand?post=649146"},{"taxonomy":"target-group","embeddable":true,"href":"https:\/\/games.tactic.net\/da\/wp-json\/wp\/v2\/target-group?post=649146"},{"taxonomy":"discontinued","embeddable":true,"href":"https:\/\/games.tactic.net\/da\/wp-json\/wp\/v2\/discontinued?post=649146"}],"curies":[{"name":"wp","href":"https:\/\/api.w.org\/{rel}","templated":true}]}}