{"id":649018,"date":"2022-10-20T10:38:02","date_gmt":"2022-10-20T07:38:02","guid":{"rendered":"http:\/\/games.tactic.net\/tuote\/tz-beast-machine-triceraptors-transporter\/"},"modified":"2025-11-28T09:44:02","modified_gmt":"2025-11-28T07:44:02","slug":"tz-beast-machine-triceraptors-transporter","status":"archive","type":"product","link":"https:\/\/games.tactic.net\/da\/tuote\/tz-beast-machine-triceraptors-transporter\/","title":{"rendered":"Teamsterz Beast Machines Triceratops Transporter and 3 toy cars"},"content":{"rendered":"<p>Fortid og nutid kolliderer med Teamsterz Beast Machines Dinosaur Transporter. Denne i\u00f8jnefaldende, slidst\u00e6rke b\u00e6retaske med triceratops-tema er nem at b\u00e6re og skubbe med, da den har frit bev\u00e6gelige hjul, et b\u00e6reh\u00e5ndtag til mobil leg og har opbevaringsplads til op til 6 Beast Machines-biler. Perfekt for enhver dinosaur elsker at opbevare og transportere sin bilsamling, Teamsterz Dinosaur Transporter inkluderer 3 Beast Machines-biler og 3 dinosaurfigurer. De inkluderede k\u00f8ret\u00f8jer er cirka 7 cm og har h\u00f8jkvalitets die-cast detaljer og gode hjul.<\/p>\n","protected":false},"excerpt":{"rendered":"<p>Beast machine Triceraptors transporter<\/p>\n","protected":false},"featured_media":0,"template":"","meta":{"content-type":"","_monsterinsights_skip_tracking":false,"_monsterinsights_sitenote_active":false,"_monsterinsights_sitenote_note":"","_monsterinsights_sitenote_category":0},"product_brand":[],"product_cat":[1615],"product_tag":[],"brand":[],"target-group":[],"discontinued":[],"class_list":{"0":"post-649018","1":"product","2":"type-product","3":"status-archive","5":"product_cat-teamsterz-legetoej","7":"first","8":"outofstock","9":"taxable","10":"shipping-taxable","11":"product-type-simple"},"aioseo_notices":[],"_links":{"self":[{"href":"https:\/\/games.tactic.net\/da\/wp-json\/wp\/v2\/product\/649018","targetHints":{"allow":["GET"]}}],"collection":[{"href":"https:\/\/games.tactic.net\/da\/wp-json\/wp\/v2\/product"}],"about":[{"href":"https:\/\/games.tactic.net\/da\/wp-json\/wp\/v2\/types\/product"}],"wp:attachment":[{"href":"https:\/\/games.tactic.net\/da\/wp-json\/wp\/v2\/media?parent=649018"}],"wp:term":[{"taxonomy":"product_brand","embeddable":true,"href":"https:\/\/games.tactic.net\/da\/wp-json\/wp\/v2\/product_brand?post=649018"},{"taxonomy":"product_cat","embeddable":true,"href":"https:\/\/games.tactic.net\/da\/wp-json\/wp\/v2\/product_cat?post=649018"},{"taxonomy":"product_tag","embeddable":true,"href":"https:\/\/games.tactic.net\/da\/wp-json\/wp\/v2\/product_tag?post=649018"},{"taxonomy":"brand","embeddable":true,"href":"https:\/\/games.tactic.net\/da\/wp-json\/wp\/v2\/brand?post=649018"},{"taxonomy":"target-group","embeddable":true,"href":"https:\/\/games.tactic.net\/da\/wp-json\/wp\/v2\/target-group?post=649018"},{"taxonomy":"discontinued","embeddable":true,"href":"https:\/\/games.tactic.net\/da\/wp-json\/wp\/v2\/discontinued?post=649018"}],"curies":[{"name":"wp","href":"https:\/\/api.w.org\/{rel}","templated":true}]}}