{"id":648902,"date":"2022-10-20T10:35:46","date_gmt":"2022-10-20T07:35:46","guid":{"rendered":"http:\/\/games.tactic.net\/tuote\/tz-beast-machine-monster-mayhem-1-car\/"},"modified":"2025-01-13T09:44:35","modified_gmt":"2025-01-13T07:44:35","slug":"tz-beast-machine-monster-mayhem-1-car","status":"archive","type":"product","link":"https:\/\/games.tactic.net\/da\/tuote\/tz-beast-machine-monster-mayhem-1-car\/","title":{"rendered":"Teamsterz Beast Machines Monster Mayhem Garage and 1 toy car"},"content":{"rendered":"<p>B\u00f8rn vil elske sp\u00e6ndingen ved Teamsterz Beast Machines Monster Mayhem-Playset. Brug den fungerende elevator til at komme op p\u00e5 det \u00f8verste niveau, men pas p\u00e5 tarantulaen. Undslip den bidende dinosaur og race ned ad racerbanen. Eventyret forts\u00e6tter p\u00e5 grundniveauet med et fangstbur, dinosaurus kranium og en launcher til en bil, der er formet som en dinosaurus-kadaver. Dette Playset inkluderer 1 die-cast Beast Machines bil<\/p>\n","protected":false},"excerpt":{"rendered":"<p>Beast Machines Monster Mayhem + 1 Die-Cast bil<\/p>\n","protected":false},"featured_media":0,"template":"","meta":{"content-type":"","_monsterinsights_skip_tracking":false,"_monsterinsights_sitenote_active":false,"_monsterinsights_sitenote_note":"","_monsterinsights_sitenote_category":0},"product_brand":[],"product_cat":[1615],"product_tag":[],"brand":[],"target-group":[],"discontinued":[],"class_list":{"0":"post-648902","1":"product","2":"type-product","3":"status-archive","5":"product_cat-teamsterz-legetoej","7":"first","8":"outofstock","9":"taxable","10":"shipping-taxable","11":"product-type-simple"},"aioseo_notices":[],"_links":{"self":[{"href":"https:\/\/games.tactic.net\/da\/wp-json\/wp\/v2\/product\/648902","targetHints":{"allow":["GET"]}}],"collection":[{"href":"https:\/\/games.tactic.net\/da\/wp-json\/wp\/v2\/product"}],"about":[{"href":"https:\/\/games.tactic.net\/da\/wp-json\/wp\/v2\/types\/product"}],"wp:attachment":[{"href":"https:\/\/games.tactic.net\/da\/wp-json\/wp\/v2\/media?parent=648902"}],"wp:term":[{"taxonomy":"product_brand","embeddable":true,"href":"https:\/\/games.tactic.net\/da\/wp-json\/wp\/v2\/product_brand?post=648902"},{"taxonomy":"product_cat","embeddable":true,"href":"https:\/\/games.tactic.net\/da\/wp-json\/wp\/v2\/product_cat?post=648902"},{"taxonomy":"product_tag","embeddable":true,"href":"https:\/\/games.tactic.net\/da\/wp-json\/wp\/v2\/product_tag?post=648902"},{"taxonomy":"brand","embeddable":true,"href":"https:\/\/games.tactic.net\/da\/wp-json\/wp\/v2\/brand?post=648902"},{"taxonomy":"target-group","embeddable":true,"href":"https:\/\/games.tactic.net\/da\/wp-json\/wp\/v2\/target-group?post=648902"},{"taxonomy":"discontinued","embeddable":true,"href":"https:\/\/games.tactic.net\/da\/wp-json\/wp\/v2\/discontinued?post=648902"}],"curies":[{"name":"wp","href":"https:\/\/api.w.org\/{rel}","templated":true}]}}