{"id":648844,"date":"2022-10-20T10:34:33","date_gmt":"2022-10-20T07:34:33","guid":{"rendered":"http:\/\/games.tactic.net\/tuote\/tz-beast-machine-die-cast-10-pack\/"},"modified":"2025-10-22T08:56:25","modified_gmt":"2025-10-22T05:56:25","slug":"tz-beast-machine-die-cast-10-pack","status":"archive","type":"product","link":"https:\/\/games.tactic.net\/da\/tuote\/tz-beast-machine-die-cast-10-pack\/","title":{"rendered":"Teamsterz Beast Machines die-cast 10-pack toy cars"},"content":{"rendered":"<p>Start dit Beast-hold med Teamsterz Beast Machines 10 pakke med die-cast biler. F\u00e5s i 2 sortimenter, saml dem alle. Den perfekte gave til ethvert entusiastisk lille monster, der byder p\u00e5 timevis af fantasifuld sjov. Teamsterz Beast Machines-bilerne, som er den perfekte st\u00f8rrelse til leg, hj\u00e6lper med udviklingen af \u200b\u200bdit barns sociale f\u00e6rdigheder, fantasi og finmotorik. Leget\u00f8jsbilerne er cirka 7 cm skala og har die-cast detaljer af h\u00f8j kvalitet og  frit bev\u00e6gelige hjul. Velegnet til alderen 3 \u00e5r +<\/p>\n","protected":false},"excerpt":{"rendered":"<p>Beast machine die-cast &#8211; 10 pak<\/p>\n","protected":false},"featured_media":0,"template":"","meta":{"content-type":"","_monsterinsights_skip_tracking":false,"_monsterinsights_sitenote_active":false,"_monsterinsights_sitenote_note":"","_monsterinsights_sitenote_category":0},"product_brand":[],"product_cat":[1615],"product_tag":[],"brand":[],"target-group":[],"discontinued":[],"class_list":{"0":"post-648844","1":"product","2":"type-product","3":"status-archive","5":"product_cat-teamsterz-legetoej","7":"first","8":"outofstock","9":"taxable","10":"shipping-taxable","11":"product-type-simple"},"aioseo_notices":[],"_links":{"self":[{"href":"https:\/\/games.tactic.net\/da\/wp-json\/wp\/v2\/product\/648844","targetHints":{"allow":["GET"]}}],"collection":[{"href":"https:\/\/games.tactic.net\/da\/wp-json\/wp\/v2\/product"}],"about":[{"href":"https:\/\/games.tactic.net\/da\/wp-json\/wp\/v2\/types\/product"}],"wp:attachment":[{"href":"https:\/\/games.tactic.net\/da\/wp-json\/wp\/v2\/media?parent=648844"}],"wp:term":[{"taxonomy":"product_brand","embeddable":true,"href":"https:\/\/games.tactic.net\/da\/wp-json\/wp\/v2\/product_brand?post=648844"},{"taxonomy":"product_cat","embeddable":true,"href":"https:\/\/games.tactic.net\/da\/wp-json\/wp\/v2\/product_cat?post=648844"},{"taxonomy":"product_tag","embeddable":true,"href":"https:\/\/games.tactic.net\/da\/wp-json\/wp\/v2\/product_tag?post=648844"},{"taxonomy":"brand","embeddable":true,"href":"https:\/\/games.tactic.net\/da\/wp-json\/wp\/v2\/brand?post=648844"},{"taxonomy":"target-group","embeddable":true,"href":"https:\/\/games.tactic.net\/da\/wp-json\/wp\/v2\/target-group?post=648844"},{"taxonomy":"discontinued","embeddable":true,"href":"https:\/\/games.tactic.net\/da\/wp-json\/wp\/v2\/discontinued?post=648844"}],"curies":[{"name":"wp","href":"https:\/\/api.w.org\/{rel}","templated":true}]}}