{"id":648404,"date":"2022-10-20T10:30:27","date_gmt":"2022-10-20T07:30:27","guid":{"rendered":"http:\/\/games.tactic.net\/tuote\/tz-small-ls-ambulance-yellow\/"},"modified":"2025-12-16T10:23:40","modified_gmt":"2025-12-16T08:23:40","slug":"tz-small-ls-ambulance-yellow","status":"archive","type":"product","link":"https:\/\/games.tactic.net\/da\/tuote\/tz-small-ls-ambulance-yellow\/","title":{"rendered":"Teamsterz Small Ambulance with LS yellow toy"},"content":{"rendered":"<p>Flot Teamsterz ambulance med lys og lyde. Tryk p\u00e5 knapperne i siden for at f\u00e5 lyset til at blinke og h\u00f8re sirenen.<br \/>\nS\u00e5 n\u00e5r du f\u00e5r et n\u00f8dopkald, skynd dig til stedet med Teamsterz ambulancen med lys og lyd. Fantastisk til at reagere p\u00e5 n\u00f8dsituationer og redde tusindvis af liv, takket v\u00e6re de gode hjul, kan det leges med overalt, indend\u00f8rs eller udend\u00f8rs! K\u00f8ret\u00f8jet leveres med oplyste forlygter sammen med motor, sirene og aktionlyde ved et tryk p\u00e5 en knap. Leveres i den klassiske gule farve med trykte autentiske grafikdetaljer. Med hvert n\u00f8dopkald skaber du utallige timers fantasifuld og kreativ sjov, leg med venner og udforske travlheden ved at arbejde som politi. Hj\u00e6lper udviklingen af \u200b\u200bdit lille barns sociale og finmotoriske f\u00e6rdigheder, da de er den perfekte st\u00f8rrelse for sm\u00e5 h\u00e6nder at skubbe med. Teamsterz die-cast k\u00f8ret\u00f8jer er robuste p\u00e5 grund af den h\u00f8jkvalitets die-cast karosseri og har alle gode hjul med st\u00f8bte undervognsdetaljer. Batterier medf\u00f8lger 3 x LR44\/AG13. Fra 3 \u00e5r.<\/p>\n","protected":false},"excerpt":{"rendered":"<p>Teamsterz Mighty Machines Ambulance med Lys og lyd. Gul.<\/p>\n","protected":false},"featured_media":0,"template":"","meta":{"content-type":"","_monsterinsights_skip_tracking":false,"_monsterinsights_sitenote_active":false,"_monsterinsights_sitenote_note":"","_monsterinsights_sitenote_category":0},"product_brand":[],"product_cat":[1615],"product_tag":[],"brand":[],"target-group":[],"discontinued":[],"class_list":{"0":"post-648404","1":"product","2":"type-product","3":"status-archive","5":"product_cat-teamsterz-legetoej","7":"first","8":"outofstock","9":"taxable","10":"shipping-taxable","11":"product-type-simple"},"aioseo_notices":[],"_links":{"self":[{"href":"https:\/\/games.tactic.net\/da\/wp-json\/wp\/v2\/product\/648404","targetHints":{"allow":["GET"]}}],"collection":[{"href":"https:\/\/games.tactic.net\/da\/wp-json\/wp\/v2\/product"}],"about":[{"href":"https:\/\/games.tactic.net\/da\/wp-json\/wp\/v2\/types\/product"}],"wp:attachment":[{"href":"https:\/\/games.tactic.net\/da\/wp-json\/wp\/v2\/media?parent=648404"}],"wp:term":[{"taxonomy":"product_brand","embeddable":true,"href":"https:\/\/games.tactic.net\/da\/wp-json\/wp\/v2\/product_brand?post=648404"},{"taxonomy":"product_cat","embeddable":true,"href":"https:\/\/games.tactic.net\/da\/wp-json\/wp\/v2\/product_cat?post=648404"},{"taxonomy":"product_tag","embeddable":true,"href":"https:\/\/games.tactic.net\/da\/wp-json\/wp\/v2\/product_tag?post=648404"},{"taxonomy":"brand","embeddable":true,"href":"https:\/\/games.tactic.net\/da\/wp-json\/wp\/v2\/brand?post=648404"},{"taxonomy":"target-group","embeddable":true,"href":"https:\/\/games.tactic.net\/da\/wp-json\/wp\/v2\/target-group?post=648404"},{"taxonomy":"discontinued","embeddable":true,"href":"https:\/\/games.tactic.net\/da\/wp-json\/wp\/v2\/discontinued?post=648404"}],"curies":[{"name":"wp","href":"https:\/\/api.w.org\/{rel}","templated":true}]}}