{"id":648374,"date":"2022-10-20T10:28:51","date_gmt":"2022-10-20T07:28:51","guid":{"rendered":"http:\/\/games.tactic.net\/tuote\/tz-tiny-teamsterz-ferry-boat-2-cars\/"},"modified":"2025-04-29T10:33:23","modified_gmt":"2025-04-29T07:33:23","slug":"tz-tiny-teamsterz-ferry-boat-2-cars","status":"archive","type":"product","link":"https:\/\/games.tactic.net\/da\/tuote\/tz-tiny-teamsterz-ferry-boat-2-cars\/","title":{"rendered":"Tiny Teamsterz Ferry Boat and 2 toy cars"},"content":{"rendered":"<p>\u00d8h\u00f8j kaptajn! Forbered dig p\u00e5 en rejse med den lille Teamsterz-f\u00e6rge. De 2 Tiny Teamsterz-biler der er  inkluderet, er bl\u00f8de og nemme for barnet at gribe fat omkring. De er designet i lyse, sjove farver med s\u00f8de ansigter. F\u00e6rgen kan k\u00f8re og flyder p\u00e5 vandet, og den bev\u00e6gelige l\u00e6sserampe g\u00f8r det nemt at transportere til det \u00f8verste eller nederste d\u00e6k. Anbefales for 12 mdr +<\/p>\n","protected":false},"excerpt":{"rendered":"<p>Tiny Teamsterz B\u00e5d med 2 soft biler<\/p>\n","protected":false},"featured_media":0,"template":"","meta":{"content-type":"","_monsterinsights_skip_tracking":false,"_monsterinsights_sitenote_active":false,"_monsterinsights_sitenote_note":"","_monsterinsights_sitenote_category":0},"product_brand":[],"product_cat":[1615],"product_tag":[],"brand":[],"target-group":[],"discontinued":[],"class_list":{"0":"post-648374","1":"product","2":"type-product","3":"status-archive","5":"product_cat-teamsterz-legetoej","7":"first","8":"outofstock","9":"taxable","10":"shipping-taxable","11":"product-type-simple"},"aioseo_notices":[],"_links":{"self":[{"href":"https:\/\/games.tactic.net\/da\/wp-json\/wp\/v2\/product\/648374","targetHints":{"allow":["GET"]}}],"collection":[{"href":"https:\/\/games.tactic.net\/da\/wp-json\/wp\/v2\/product"}],"about":[{"href":"https:\/\/games.tactic.net\/da\/wp-json\/wp\/v2\/types\/product"}],"wp:attachment":[{"href":"https:\/\/games.tactic.net\/da\/wp-json\/wp\/v2\/media?parent=648374"}],"wp:term":[{"taxonomy":"product_brand","embeddable":true,"href":"https:\/\/games.tactic.net\/da\/wp-json\/wp\/v2\/product_brand?post=648374"},{"taxonomy":"product_cat","embeddable":true,"href":"https:\/\/games.tactic.net\/da\/wp-json\/wp\/v2\/product_cat?post=648374"},{"taxonomy":"product_tag","embeddable":true,"href":"https:\/\/games.tactic.net\/da\/wp-json\/wp\/v2\/product_tag?post=648374"},{"taxonomy":"brand","embeddable":true,"href":"https:\/\/games.tactic.net\/da\/wp-json\/wp\/v2\/brand?post=648374"},{"taxonomy":"target-group","embeddable":true,"href":"https:\/\/games.tactic.net\/da\/wp-json\/wp\/v2\/target-group?post=648374"},{"taxonomy":"discontinued","embeddable":true,"href":"https:\/\/games.tactic.net\/da\/wp-json\/wp\/v2\/discontinued?post=648374"}],"curies":[{"name":"wp","href":"https:\/\/api.w.org\/{rel}","templated":true}]}}