{"id":648176,"date":"2022-10-20T10:25:24","date_gmt":"2022-10-20T07:25:24","guid":{"rendered":"http:\/\/games.tactic.net\/tuote\/tz-tiny-teamsterz-raceway-w-1-car\/"},"modified":"2024-04-12T09:17:03","modified_gmt":"2024-04-12T06:17:03","slug":"tz-tiny-teamsterz-raceway-w-1-car","status":"archive","type":"product","link":"https:\/\/games.tactic.net\/da\/tuote\/tz-tiny-teamsterz-raceway-w-1-car\/","title":{"rendered":"Tz Tiny Teamsterz Raceway w 1 car"},"content":{"rendered":"<p>Brum brum! Fart ned ad banen med Tiny Teamsterz Raceway med 1 bil! Designet i lyse, sjove farver. Banen er perfekt til sm\u00e5 h\u00e6nder! Tag spiralbanen ned til bunden eller forlad den via fartrampen med den frihjulede sportsvogn. Leges\u00e6ttet har ogs\u00e5 to parkeringspladser og en helikopterplads. Fra 1 \u00e5r.<\/p>\n","protected":false},"excerpt":{"rendered":"<p>Tiny Teamsterz med 1 soft bil<\/p>\n","protected":false},"featured_media":0,"template":"","meta":{"content-type":"","_monsterinsights_skip_tracking":false,"_monsterinsights_sitenote_active":false,"_monsterinsights_sitenote_note":"","_monsterinsights_sitenote_category":0},"product_brand":[],"product_cat":[1615],"product_tag":[],"brand":[],"target-group":[],"discontinued":[],"class_list":{"0":"post-648176","1":"product","2":"type-product","3":"status-archive","5":"product_cat-teamsterz-legetoej","7":"first","8":"outofstock","9":"taxable","10":"shipping-taxable","11":"product-type-simple"},"aioseo_notices":[],"_links":{"self":[{"href":"https:\/\/games.tactic.net\/da\/wp-json\/wp\/v2\/product\/648176","targetHints":{"allow":["GET"]}}],"collection":[{"href":"https:\/\/games.tactic.net\/da\/wp-json\/wp\/v2\/product"}],"about":[{"href":"https:\/\/games.tactic.net\/da\/wp-json\/wp\/v2\/types\/product"}],"wp:attachment":[{"href":"https:\/\/games.tactic.net\/da\/wp-json\/wp\/v2\/media?parent=648176"}],"wp:term":[{"taxonomy":"product_brand","embeddable":true,"href":"https:\/\/games.tactic.net\/da\/wp-json\/wp\/v2\/product_brand?post=648176"},{"taxonomy":"product_cat","embeddable":true,"href":"https:\/\/games.tactic.net\/da\/wp-json\/wp\/v2\/product_cat?post=648176"},{"taxonomy":"product_tag","embeddable":true,"href":"https:\/\/games.tactic.net\/da\/wp-json\/wp\/v2\/product_tag?post=648176"},{"taxonomy":"brand","embeddable":true,"href":"https:\/\/games.tactic.net\/da\/wp-json\/wp\/v2\/brand?post=648176"},{"taxonomy":"target-group","embeddable":true,"href":"https:\/\/games.tactic.net\/da\/wp-json\/wp\/v2\/target-group?post=648176"},{"taxonomy":"discontinued","embeddable":true,"href":"https:\/\/games.tactic.net\/da\/wp-json\/wp\/v2\/discontinued?post=648176"}],"curies":[{"name":"wp","href":"https:\/\/api.w.org\/{rel}","templated":true}]}}