{"id":648033,"date":"2022-10-20T10:21:10","date_gmt":"2022-10-20T07:21:10","guid":{"rendered":"http:\/\/games.tactic.net\/tuote\/tz-ls-flexi-bus\/"},"modified":"2025-01-29T10:51:48","modified_gmt":"2025-01-29T08:51:48","slug":"tz-ls-flexi-bus","status":"archive","type":"product","link":"https:\/\/games.tactic.net\/da\/tuote\/tz-ls-flexi-bus\/","title":{"rendered":"Teamsterz Flexi Bus with LS toy"},"content":{"rendered":"<p>Flot, lang rednings-flexibus fra Teamsterz. Bussen er med d\u00f8re, der kan \u00e5bnes og flexibelt led mellem bussens 2 dele. Tryk p\u00e5 knappen p\u00e5 siden for at f\u00e5 lys p\u00e5 bussen og seje lyde.<br \/>\nBruger 2 x LR44-batterier (pr\u00f8vebatterier med begr\u00e6nset levetid medf\u00f8lger)<\/p>\n","protected":false},"excerpt":{"rendered":"<p>Teamsterz Flexi bus med lys og lyd<\/p>\n","protected":false},"featured_media":0,"template":"","meta":{"content-type":"","_monsterinsights_skip_tracking":false,"_monsterinsights_sitenote_active":false,"_monsterinsights_sitenote_note":"","_monsterinsights_sitenote_category":0},"product_brand":[],"product_cat":[1615],"product_tag":[],"brand":[],"target-group":[],"discontinued":[],"class_list":{"0":"post-648033","1":"product","2":"type-product","3":"status-archive","5":"product_cat-teamsterz-legetoej","7":"first","8":"outofstock","9":"taxable","10":"shipping-taxable","11":"product-type-simple"},"aioseo_notices":[],"_links":{"self":[{"href":"https:\/\/games.tactic.net\/da\/wp-json\/wp\/v2\/product\/648033","targetHints":{"allow":["GET"]}}],"collection":[{"href":"https:\/\/games.tactic.net\/da\/wp-json\/wp\/v2\/product"}],"about":[{"href":"https:\/\/games.tactic.net\/da\/wp-json\/wp\/v2\/types\/product"}],"wp:attachment":[{"href":"https:\/\/games.tactic.net\/da\/wp-json\/wp\/v2\/media?parent=648033"}],"wp:term":[{"taxonomy":"product_brand","embeddable":true,"href":"https:\/\/games.tactic.net\/da\/wp-json\/wp\/v2\/product_brand?post=648033"},{"taxonomy":"product_cat","embeddable":true,"href":"https:\/\/games.tactic.net\/da\/wp-json\/wp\/v2\/product_cat?post=648033"},{"taxonomy":"product_tag","embeddable":true,"href":"https:\/\/games.tactic.net\/da\/wp-json\/wp\/v2\/product_tag?post=648033"},{"taxonomy":"brand","embeddable":true,"href":"https:\/\/games.tactic.net\/da\/wp-json\/wp\/v2\/brand?post=648033"},{"taxonomy":"target-group","embeddable":true,"href":"https:\/\/games.tactic.net\/da\/wp-json\/wp\/v2\/target-group?post=648033"},{"taxonomy":"discontinued","embeddable":true,"href":"https:\/\/games.tactic.net\/da\/wp-json\/wp\/v2\/discontinued?post=648033"}],"curies":[{"name":"wp","href":"https:\/\/api.w.org\/{rel}","templated":true}]}}