{"id":647374,"date":"2022-10-19T15:49:34","date_gmt":"2022-10-19T12:49:34","guid":{"rendered":"http:\/\/games.tactic.net\/tuote\/bworld-petrol-station-and-car-wash\/"},"modified":"2024-08-20T09:43:29","modified_gmt":"2024-08-20T06:43:29","slug":"bworld-petrol-station-and-car-wash","status":"archive","type":"product","link":"https:\/\/games.tactic.net\/da\/tuote\/bworld-petrol-station-and-car-wash\/","title":{"rendered":"Bruder bworld Petrol Station and car wash toy"},"content":{"rendered":"<p>bworld er BRUDER&#8217;s leget\u00f8jsverden. Den best\u00e5r af bev\u00e6gelige figurer, dyr, tilbeh\u00f8r og ogs\u00e5 temas\u00e6t og er tildelt de velkendte BRUDER-kategorier. Uanset om det er som chauff\u00f8r, rytter, servicestationsbetjent eller p\u00e5 hospitalsafdelingen eller motorcykelv\u00e6rkstedet, giver bworld-varer timevis af sjov alene eller er den perfekte tilf\u00f8jelse til de detaljerede k\u00f8ret\u00f8jer. Med de nye temas\u00e6t kan du dykke endnu dybere ned i Bruders verden. Trykte v\u00e6gelementer med lette at montere justerbare f\u00f8dder skaber nu baggrunden for endnu mere realistisk leg, og det nye reolsystem muligg\u00f8r interaktion med elementerne. <\/p>\n<p>N\u00e6sten alle BRUDER-k\u00f8ret\u00f8jer skal tankes op og lejlighedsvis reng\u00f8res. Den nye, veludstyrede bworld tankstation er tilg\u00e6ngelig til dette form\u00e5l. Pumpen indeholder alle standard br\u00e6ndstoftyper og en ladestation til el-bil er ogs\u00e5 tilg\u00e6ngelig. Her er ogs\u00e5 en moderne shop. En fuldt funktionel vaskestation er tilg\u00e6ngelig til reng\u00f8ring af snavsede k\u00f8ret\u00f8jer. Fyld vand i den integrerede tank. Den indbyggede h\u00e5ndluftpumpe opbygger tryk, og vandet kan frigives til reng\u00f8ring med den p\u00e5satte t\u00e6nd\/sluk-knap. BRUDER roadster og chauff\u00f8r som kunde supplerer dette omfattende s\u00e6t. Autov\u00e6rkstedet bworld (varenr. 62110), bworld motorcykelv\u00e6rkstedet med Ducati Full Throttle scrambler (varenr. 62102), MAN TGS tr\u00e6kvognen (varenr. 03750) og MAN TGS Tankvognen (varenr. 03775) fra bredt BRUDER sortiment.<\/p>\n","protected":false},"excerpt":{"rendered":"<p>Bruder bworld Benzinstation og bilvask<\/p>\n","protected":false},"featured_media":0,"template":"","meta":{"content-type":"","_monsterinsights_skip_tracking":false,"_monsterinsights_sitenote_active":false,"_monsterinsights_sitenote_note":"","_monsterinsights_sitenote_category":0},"product_brand":[],"product_cat":[1498],"product_tag":[],"brand":[],"target-group":[],"discontinued":[],"class_list":{"0":"post-647374","1":"product","2":"type-product","3":"status-archive","5":"product_cat-bruder-legetoej","7":"first","8":"outofstock","9":"taxable","10":"shipping-taxable","11":"product-type-simple"},"aioseo_notices":[],"_links":{"self":[{"href":"https:\/\/games.tactic.net\/da\/wp-json\/wp\/v2\/product\/647374","targetHints":{"allow":["GET"]}}],"collection":[{"href":"https:\/\/games.tactic.net\/da\/wp-json\/wp\/v2\/product"}],"about":[{"href":"https:\/\/games.tactic.net\/da\/wp-json\/wp\/v2\/types\/product"}],"wp:attachment":[{"href":"https:\/\/games.tactic.net\/da\/wp-json\/wp\/v2\/media?parent=647374"}],"wp:term":[{"taxonomy":"product_brand","embeddable":true,"href":"https:\/\/games.tactic.net\/da\/wp-json\/wp\/v2\/product_brand?post=647374"},{"taxonomy":"product_cat","embeddable":true,"href":"https:\/\/games.tactic.net\/da\/wp-json\/wp\/v2\/product_cat?post=647374"},{"taxonomy":"product_tag","embeddable":true,"href":"https:\/\/games.tactic.net\/da\/wp-json\/wp\/v2\/product_tag?post=647374"},{"taxonomy":"brand","embeddable":true,"href":"https:\/\/games.tactic.net\/da\/wp-json\/wp\/v2\/brand?post=647374"},{"taxonomy":"target-group","embeddable":true,"href":"https:\/\/games.tactic.net\/da\/wp-json\/wp\/v2\/target-group?post=647374"},{"taxonomy":"discontinued","embeddable":true,"href":"https:\/\/games.tactic.net\/da\/wp-json\/wp\/v2\/discontinued?post=647374"}],"curies":[{"name":"wp","href":"https:\/\/api.w.org\/{rel}","templated":true}]}}