{"id":647146,"date":"2022-10-19T15:43:32","date_gmt":"2022-10-19T12:43:32","guid":{"rendered":"http:\/\/games.tactic.net\/tuote\/roll-off-container-trailer-for-tractors\/"},"modified":"2023-10-20T16:58:26","modified_gmt":"2023-10-20T13:58:26","slug":"roll-off-container-trailer-for-tractors","status":"publish","type":"product","link":"https:\/\/games.tactic.net\/da\/tuote\/roll-off-container-trailer-for-tractors\/","title":{"rendered":"Bruder Roll-Off Container trailer for tractors toy"},"content":{"rendered":"<p>Trailere p\u00e5 krog er blevet ekstraordin\u00e6rt popul\u00e6re i moderne landbrug. Deres alsidighed er meget v\u00e6rdsat og anvendes i enhver sammenh\u00e6ng, da den kan bruges som en konventionel tipvogn og om n\u00f8dvendigt ogs\u00e5 til station\u00e6r p\u00e5fyldning. Dette multi produkt forbedrer nu BRUDERs verden med landbrugstema. Ligesom den \u00e6gte vare er det muligt at vippe eller helt afk\u00f8ble enheden. De to svingd\u00f8re giver adgang til lastrummet. Dette leget\u00f8j har den universelle koblingsadapter for at muligg\u00f8re et v\u00e6ld af kombinationer. Alle traktorer i 2000-4000-serien matcher perfekt denne fantastiske trailer.<\/p>\n","protected":false},"excerpt":{"rendered":"<p>Bruder Roll-Off Container trailer til traktor.<br \/>\nTrailere p\u00e5 krog er blevet ekstraordin\u00e6rt popul\u00e6re i moderne landbrug. Deres alsidighed er meget v\u00e6rdsat og anvendes i enhver sammenh\u00e6ng, da den kan bruges som en konventionel tipvogn og om n\u00f8dvendigt ogs\u00e5 til station\u00e6r p\u00e5fyldning<\/p>\n","protected":false},"featured_media":0,"template":"","meta":{"content-type":"","_monsterinsights_skip_tracking":false,"_monsterinsights_sitenote_active":false,"_monsterinsights_sitenote_note":"","_monsterinsights_sitenote_category":0},"product_brand":[],"product_cat":[1498],"product_tag":[],"brand":[],"target-group":[],"discontinued":[],"class_list":{"0":"post-647146","1":"product","2":"type-product","3":"status-publish","5":"product_cat-bruder-legetoej","7":"first","8":"instock","9":"taxable","10":"shipping-taxable","11":"product-type-simple"},"aioseo_notices":[],"_links":{"self":[{"href":"https:\/\/games.tactic.net\/da\/wp-json\/wp\/v2\/product\/647146","targetHints":{"allow":["GET"]}}],"collection":[{"href":"https:\/\/games.tactic.net\/da\/wp-json\/wp\/v2\/product"}],"about":[{"href":"https:\/\/games.tactic.net\/da\/wp-json\/wp\/v2\/types\/product"}],"wp:attachment":[{"href":"https:\/\/games.tactic.net\/da\/wp-json\/wp\/v2\/media?parent=647146"}],"wp:term":[{"taxonomy":"product_brand","embeddable":true,"href":"https:\/\/games.tactic.net\/da\/wp-json\/wp\/v2\/product_brand?post=647146"},{"taxonomy":"product_cat","embeddable":true,"href":"https:\/\/games.tactic.net\/da\/wp-json\/wp\/v2\/product_cat?post=647146"},{"taxonomy":"product_tag","embeddable":true,"href":"https:\/\/games.tactic.net\/da\/wp-json\/wp\/v2\/product_tag?post=647146"},{"taxonomy":"brand","embeddable":true,"href":"https:\/\/games.tactic.net\/da\/wp-json\/wp\/v2\/brand?post=647146"},{"taxonomy":"target-group","embeddable":true,"href":"https:\/\/games.tactic.net\/da\/wp-json\/wp\/v2\/target-group?post=647146"},{"taxonomy":"discontinued","embeddable":true,"href":"https:\/\/games.tactic.net\/da\/wp-json\/wp\/v2\/discontinued?post=647146"}],"curies":[{"name":"wp","href":"https:\/\/api.w.org\/{rel}","templated":true}]}}