{"id":647086,"date":"2022-10-19T15:41:29","date_gmt":"2022-10-19T12:41:29","guid":{"rendered":"http:\/\/games.tactic.net\/tuote\/bworld-scrambler-ducati-police-motorcycle\/"},"modified":"2023-10-20T15:31:42","modified_gmt":"2023-10-20T12:31:42","slug":"bworld-scrambler-ducati-police-motorcycle","status":"publish","type":"product","link":"https:\/\/games.tactic.net\/da\/tuote\/bworld-scrambler-ducati-police-motorcycle\/","title":{"rendered":"Bruder bworld Ducati Scrambler FT politimotorcykel leget\u00f8j"},"content":{"rendered":"<p>bworld politi f\u00e5r forst\u00e6rkning. Motorcykelbetjenten med motorcykel er ny i teamet. Fordelen ved motorcykler er fart, smidighed og lille pladsbehov. Perfekt til trafikkontrol, uheldsrapporter og eskortek\u00f8rsel. Modellen, baseret p\u00e5 Ducati Scrambler, har moderne politi-design, og betjenten har topmoderne beskyttelsesudstyr. bworld politistation (62730) og Land Rover Defender politi (02597) er gode tilf\u00f8jelser.<\/p>\n","protected":false},"excerpt":{"rendered":"<p>Politistyrken udvides! Ducati Scrambler politimotorcykel med moderne design og f\u00f8rer i fuldt sikkerhedsudstyr \u2013 hurtig og smidig p\u00e5 vejen.<\/p>\n","protected":false},"featured_media":0,"template":"","meta":{"content-type":"","_monsterinsights_skip_tracking":false,"_monsterinsights_sitenote_active":false,"_monsterinsights_sitenote_note":"","_monsterinsights_sitenote_category":0},"product_brand":[],"product_cat":[1498],"product_tag":[],"brand":[],"target-group":[],"discontinued":[],"class_list":{"0":"post-647086","1":"product","2":"type-product","3":"status-publish","5":"product_cat-bruder-legetoej","7":"first","8":"instock","9":"taxable","10":"shipping-taxable","11":"product-type-simple"},"aioseo_notices":[],"_links":{"self":[{"href":"https:\/\/games.tactic.net\/da\/wp-json\/wp\/v2\/product\/647086","targetHints":{"allow":["GET"]}}],"collection":[{"href":"https:\/\/games.tactic.net\/da\/wp-json\/wp\/v2\/product"}],"about":[{"href":"https:\/\/games.tactic.net\/da\/wp-json\/wp\/v2\/types\/product"}],"wp:attachment":[{"href":"https:\/\/games.tactic.net\/da\/wp-json\/wp\/v2\/media?parent=647086"}],"wp:term":[{"taxonomy":"product_brand","embeddable":true,"href":"https:\/\/games.tactic.net\/da\/wp-json\/wp\/v2\/product_brand?post=647086"},{"taxonomy":"product_cat","embeddable":true,"href":"https:\/\/games.tactic.net\/da\/wp-json\/wp\/v2\/product_cat?post=647086"},{"taxonomy":"product_tag","embeddable":true,"href":"https:\/\/games.tactic.net\/da\/wp-json\/wp\/v2\/product_tag?post=647086"},{"taxonomy":"brand","embeddable":true,"href":"https:\/\/games.tactic.net\/da\/wp-json\/wp\/v2\/brand?post=647086"},{"taxonomy":"target-group","embeddable":true,"href":"https:\/\/games.tactic.net\/da\/wp-json\/wp\/v2\/target-group?post=647086"},{"taxonomy":"discontinued","embeddable":true,"href":"https:\/\/games.tactic.net\/da\/wp-json\/wp\/v2\/discontinued?post=647086"}],"curies":[{"name":"wp","href":"https:\/\/api.w.org\/{rel}","templated":true}]}}