{"id":646914,"date":"2022-10-19T15:39:53","date_gmt":"2022-10-19T12:39:53","guid":{"rendered":"http:\/\/games.tactic.net\/tuote\/ducati-scrambler-full-throttle\/"},"modified":"2025-01-29T10:53:36","modified_gmt":"2025-01-29T08:53:36","slug":"ducati-scrambler-full-throttle","status":"archive","type":"product","link":"https:\/\/games.tactic.net\/da\/tuote\/ducati-scrambler-full-throttle\/","title":{"rendered":"Bruder Ducati Scrambler FT motorcycle toy"},"content":{"rendered":"<p>Mange mennesker betragter motorcykling som en ren passion, og Ducati er hos mange meget popul\u00e6r! Dette g\u00e6lder enhver model lavet af den italienske motorcykelproducent. Ducati Scrambler Full Throttle er en \u00e6gte retrobike i flat track racer-stil, der har typiske, detaljerede elementer, s\u00e5som s\u00e6det eller den korte udst\u00f8dning. Modellen er ogs\u00e5 blevet udstyret med funktioner, s\u00e5som den styrbare gaffel eller den fjederbelastede bagaksel. Raceren h\u00e5ndteres af en bworld-figur med autentisk t\u00f8j, matchende hjelm og handsker. Fra det omfattende BRUDER-sortiment kan du glimrende kombinere det med RAM 2500 Power Wagon med Scrambler Ducati Desert Sled (varenr. 02502) eller bworld motorcykelv\u00e6rkstedet (varenr. 62102).<\/p>\n","protected":false},"excerpt":{"rendered":"<p>Bruder Ducati Scrambler FT motorcycle<\/p>\n","protected":false},"featured_media":0,"template":"","meta":{"content-type":"","_monsterinsights_skip_tracking":false,"_monsterinsights_sitenote_active":false,"_monsterinsights_sitenote_note":"","_monsterinsights_sitenote_category":0},"product_brand":[],"product_cat":[1498],"product_tag":[],"brand":[],"target-group":[],"discontinued":[],"class_list":{"0":"post-646914","1":"product","2":"type-product","3":"status-archive","5":"product_cat-bruder-legetoej","7":"first","8":"outofstock","9":"taxable","10":"shipping-taxable","11":"product-type-simple"},"aioseo_notices":[],"_links":{"self":[{"href":"https:\/\/games.tactic.net\/da\/wp-json\/wp\/v2\/product\/646914","targetHints":{"allow":["GET"]}}],"collection":[{"href":"https:\/\/games.tactic.net\/da\/wp-json\/wp\/v2\/product"}],"about":[{"href":"https:\/\/games.tactic.net\/da\/wp-json\/wp\/v2\/types\/product"}],"wp:attachment":[{"href":"https:\/\/games.tactic.net\/da\/wp-json\/wp\/v2\/media?parent=646914"}],"wp:term":[{"taxonomy":"product_brand","embeddable":true,"href":"https:\/\/games.tactic.net\/da\/wp-json\/wp\/v2\/product_brand?post=646914"},{"taxonomy":"product_cat","embeddable":true,"href":"https:\/\/games.tactic.net\/da\/wp-json\/wp\/v2\/product_cat?post=646914"},{"taxonomy":"product_tag","embeddable":true,"href":"https:\/\/games.tactic.net\/da\/wp-json\/wp\/v2\/product_tag?post=646914"},{"taxonomy":"brand","embeddable":true,"href":"https:\/\/games.tactic.net\/da\/wp-json\/wp\/v2\/brand?post=646914"},{"taxonomy":"target-group","embeddable":true,"href":"https:\/\/games.tactic.net\/da\/wp-json\/wp\/v2\/target-group?post=646914"},{"taxonomy":"discontinued","embeddable":true,"href":"https:\/\/games.tactic.net\/da\/wp-json\/wp\/v2\/discontinued?post=646914"}],"curies":[{"name":"wp","href":"https:\/\/api.w.org\/{rel}","templated":true}]}}