{"id":646402,"date":"2022-10-19T15:34:33","date_gmt":"2022-10-19T12:34:33","guid":{"rendered":"http:\/\/games.tactic.net\/tuote\/bworld-gardener-with-lawn-mower-and-equipment\/"},"modified":"2023-10-20T15:29:41","modified_gmt":"2023-10-20T12:29:41","slug":"bworld-gardener-with-lawn-mower-and-equipment","status":"publish","type":"product","link":"https:\/\/games.tactic.net\/da\/tuote\/bworld-gardener-with-lawn-mower-and-equipment\/","title":{"rendered":"Bruder bworld Gardener with lawn mower and equipment toy"},"content":{"rendered":"<p>Anl\u00e6gsgartneres aktiviteter er meget varierede. Klippe h\u00e6kke og tr\u00e6er, passe bede og sl\u00e5 gr\u00e6spl\u00e6ner er blot nogle af opgaverne. De s\u00f8rger for, at parker, kolonihaver og gr\u00f8nne omr\u00e5der er velholdte. B\u00f8rn kan nu genskabe disse interessante aktiviteter med den nye gartner med pl\u00e6neklipper og haveudstyr. Bworld gardener er den ideelle tilf\u00f8jelse til de mange kommercielle og kommunale k\u00f8ret\u00f8jer fra BRUDER. Figuren med bev\u00e6gelige kropsdele inkluderer pl\u00e6neklipper, besom og stativ til kreativ leg p\u00e5 b\u00f8rnev\u00e6relset.<\/p>\n","protected":false},"excerpt":{"rendered":"<p>Bruder bworld Gardener med pl\u00e6neklipper og udstyr.<\/p>\n","protected":false},"featured_media":0,"template":"","meta":{"content-type":"","_monsterinsights_skip_tracking":false,"_monsterinsights_sitenote_active":false,"_monsterinsights_sitenote_note":"","_monsterinsights_sitenote_category":0},"product_brand":[],"product_cat":[1498],"product_tag":[],"brand":[],"target-group":[],"discontinued":[],"class_list":{"0":"post-646402","1":"product","2":"type-product","3":"status-publish","5":"product_cat-bruder-legetoej","7":"first","8":"instock","9":"taxable","10":"shipping-taxable","11":"product-type-simple"},"aioseo_notices":[],"_links":{"self":[{"href":"https:\/\/games.tactic.net\/da\/wp-json\/wp\/v2\/product\/646402","targetHints":{"allow":["GET"]}}],"collection":[{"href":"https:\/\/games.tactic.net\/da\/wp-json\/wp\/v2\/product"}],"about":[{"href":"https:\/\/games.tactic.net\/da\/wp-json\/wp\/v2\/types\/product"}],"wp:attachment":[{"href":"https:\/\/games.tactic.net\/da\/wp-json\/wp\/v2\/media?parent=646402"}],"wp:term":[{"taxonomy":"product_brand","embeddable":true,"href":"https:\/\/games.tactic.net\/da\/wp-json\/wp\/v2\/product_brand?post=646402"},{"taxonomy":"product_cat","embeddable":true,"href":"https:\/\/games.tactic.net\/da\/wp-json\/wp\/v2\/product_cat?post=646402"},{"taxonomy":"product_tag","embeddable":true,"href":"https:\/\/games.tactic.net\/da\/wp-json\/wp\/v2\/product_tag?post=646402"},{"taxonomy":"brand","embeddable":true,"href":"https:\/\/games.tactic.net\/da\/wp-json\/wp\/v2\/brand?post=646402"},{"taxonomy":"target-group","embeddable":true,"href":"https:\/\/games.tactic.net\/da\/wp-json\/wp\/v2\/target-group?post=646402"},{"taxonomy":"discontinued","embeddable":true,"href":"https:\/\/games.tactic.net\/da\/wp-json\/wp\/v2\/discontinued?post=646402"}],"curies":[{"name":"wp","href":"https:\/\/api.w.org\/{rel}","templated":true}]}}