{"id":646174,"date":"2022-10-19T15:33:25","date_gmt":"2022-10-19T12:33:25","guid":{"rendered":"http:\/\/games.tactic.net\/tuote\/ram-2500-police-truck-with-policeman\/"},"modified":"2023-10-20T16:55:40","modified_gmt":"2023-10-20T13:55:40","slug":"ram-2500-police-truck-with-policeman","status":"publish","type":"product","link":"https:\/\/games.tactic.net\/da\/tuote\/ram-2500-police-truck-with-policeman\/","title":{"rendered":"Bruder Dodge Ram 2500 Police pickup truck with police officer toy"},"content":{"rendered":"<p>BRUDER politistyrken bliver styrket. BRUDER beredskab vil nu ogs\u00e5 v\u00e6re i stand til at overv\u00e5ge sv\u00e6rt tilg\u00e6ngeligt terr\u00e6n uden for bygr\u00e6nsen takket v\u00e6re en 4&#215;4 politi pick-up truck. Servicebilen er baseret p\u00e5 den velkendte RAM 2500, og den har det tiltalende og sl\u00e5ende farvedesign, som mest af alt er typisk i USA, samt et lys- og lydmodul monteret p\u00e5 taget. Ligesom den \u00e6gte vare har leget\u00f8jet en mandskabskabine med fire d\u00f8re. Alle d\u00f8re kan \u00e5bnes og derved rumme fire bworld-figurer. Denne model i en skala p\u00e5 1:16 har affjedring p\u00e5 begge aksler for at give k\u00f8rekomfort og terr\u00e6negenskaber. I denne sammenh\u00e6ng kan forakslen styres ved hj\u00e6lp af den medf\u00f8lgende ratforl\u00e6nger. Bagklappen \u00e5bnes for at transportere den under leg. Den medf\u00f8lgende politibetjent er flot udstyret og forberedt til en r\u00e6kke opgaver. Disse produkter kan med fordel tilk\u00f8bes som tilbeh\u00f8r til dette produkt. Bworld politistationen (varenr. 62730) og Jeep Rubicon Unlimited som politik\u00f8ret\u00f8j (varenr. 02526)<\/p>\n","protected":false},"excerpt":{"rendered":"<p>Bruder Dodge Ram 2500 Police pickup truck med politi betjent figur.<\/p>\n","protected":false},"featured_media":0,"template":"","meta":{"content-type":"","_monsterinsights_skip_tracking":false,"_monsterinsights_sitenote_active":false,"_monsterinsights_sitenote_note":"","_monsterinsights_sitenote_category":0},"product_brand":[],"product_cat":[1498],"product_tag":[],"brand":[],"target-group":[],"discontinued":[],"class_list":{"0":"post-646174","1":"product","2":"type-product","3":"status-publish","5":"product_cat-bruder-legetoej","7":"first","8":"instock","9":"taxable","10":"shipping-taxable","11":"product-type-simple"},"aioseo_notices":[],"_links":{"self":[{"href":"https:\/\/games.tactic.net\/da\/wp-json\/wp\/v2\/product\/646174","targetHints":{"allow":["GET"]}}],"collection":[{"href":"https:\/\/games.tactic.net\/da\/wp-json\/wp\/v2\/product"}],"about":[{"href":"https:\/\/games.tactic.net\/da\/wp-json\/wp\/v2\/types\/product"}],"wp:attachment":[{"href":"https:\/\/games.tactic.net\/da\/wp-json\/wp\/v2\/media?parent=646174"}],"wp:term":[{"taxonomy":"product_brand","embeddable":true,"href":"https:\/\/games.tactic.net\/da\/wp-json\/wp\/v2\/product_brand?post=646174"},{"taxonomy":"product_cat","embeddable":true,"href":"https:\/\/games.tactic.net\/da\/wp-json\/wp\/v2\/product_cat?post=646174"},{"taxonomy":"product_tag","embeddable":true,"href":"https:\/\/games.tactic.net\/da\/wp-json\/wp\/v2\/product_tag?post=646174"},{"taxonomy":"brand","embeddable":true,"href":"https:\/\/games.tactic.net\/da\/wp-json\/wp\/v2\/brand?post=646174"},{"taxonomy":"target-group","embeddable":true,"href":"https:\/\/games.tactic.net\/da\/wp-json\/wp\/v2\/target-group?post=646174"},{"taxonomy":"discontinued","embeddable":true,"href":"https:\/\/games.tactic.net\/da\/wp-json\/wp\/v2\/discontinued?post=646174"}],"curies":[{"name":"wp","href":"https:\/\/api.w.org\/{rel}","templated":true}]}}