{"id":646114,"date":"2022-10-19T15:28:02","date_gmt":"2022-10-19T12:28:02","guid":{"rendered":"http:\/\/games.tactic.net\/tuote\/volvo-wheel-loader-l260h\/"},"modified":"2023-10-20T17:07:07","modified_gmt":"2023-10-20T14:07:07","slug":"volvo-wheel-loader-l260h","status":"publish","type":"product","link":"https:\/\/games.tactic.net\/da\/tuote\/volvo-wheel-loader-l260h\/","title":{"rendered":"Bruder Volvo L260H Wheel Loader toy"},"content":{"rendered":"<p>Volvo Gummiged er en \u00e6gte arbejdshest! Transporter alt fra jord og grus til asfalt og byggematerialer i denne flotte Dumper. Effektivitet i transport og beskyttelse af ressourcer er n\u00f8glekrav til moderne entrepren\u00f8rmaskiner. N\u00e6sten ingen l\u00e6ssemaskine kombinerer disse krav s\u00e5 godt som den nye Volvo L260 H. Takket v\u00e6re den moderne kombination af motor, automatik og hydraulik er forbruget 10 % lavere end forg\u00e6ngerens. Med en arbejdsv\u00e6gt p\u00e5 op til 35 tons er denne l\u00e6sser en rigtig h\u00e5rd arbejdskraft til stenbrud og grusarbejder. Denne imponerende hjull\u00e6sser er det seneste h\u00f8jdepunkt i BRUDER-konstruktionsk\u00f8ret\u00f8jets temaverden. Volvo L260H-modellen er udstyret med en fuldt funktionel l\u00e6ssearm og en imponerende vippeskovl. Den detaljerede kabine fungerer som arbejdsplads for de kendte BRUDER bworld-figurer. Motorhjelmen bagtil kan \u00e5bnes for diverse servicearbejde.<\/p>\n","protected":false},"excerpt":{"rendered":"<p>Bruder Volvo Gummiged L260H<\/p>\n","protected":false},"featured_media":0,"template":"","meta":{"content-type":"","_monsterinsights_skip_tracking":false,"_monsterinsights_sitenote_active":false,"_monsterinsights_sitenote_note":"","_monsterinsights_sitenote_category":0},"product_brand":[],"product_cat":[1498],"product_tag":[],"brand":[],"target-group":[],"discontinued":[],"class_list":{"0":"post-646114","1":"product","2":"type-product","3":"status-publish","5":"product_cat-bruder-legetoej","7":"first","8":"instock","9":"taxable","10":"shipping-taxable","11":"product-type-simple"},"aioseo_notices":[],"_links":{"self":[{"href":"https:\/\/games.tactic.net\/da\/wp-json\/wp\/v2\/product\/646114","targetHints":{"allow":["GET"]}}],"collection":[{"href":"https:\/\/games.tactic.net\/da\/wp-json\/wp\/v2\/product"}],"about":[{"href":"https:\/\/games.tactic.net\/da\/wp-json\/wp\/v2\/types\/product"}],"wp:attachment":[{"href":"https:\/\/games.tactic.net\/da\/wp-json\/wp\/v2\/media?parent=646114"}],"wp:term":[{"taxonomy":"product_brand","embeddable":true,"href":"https:\/\/games.tactic.net\/da\/wp-json\/wp\/v2\/product_brand?post=646114"},{"taxonomy":"product_cat","embeddable":true,"href":"https:\/\/games.tactic.net\/da\/wp-json\/wp\/v2\/product_cat?post=646114"},{"taxonomy":"product_tag","embeddable":true,"href":"https:\/\/games.tactic.net\/da\/wp-json\/wp\/v2\/product_tag?post=646114"},{"taxonomy":"brand","embeddable":true,"href":"https:\/\/games.tactic.net\/da\/wp-json\/wp\/v2\/brand?post=646114"},{"taxonomy":"target-group","embeddable":true,"href":"https:\/\/games.tactic.net\/da\/wp-json\/wp\/v2\/target-group?post=646114"},{"taxonomy":"discontinued","embeddable":true,"href":"https:\/\/games.tactic.net\/da\/wp-json\/wp\/v2\/discontinued?post=646114"}],"curies":[{"name":"wp","href":"https:\/\/api.w.org\/{rel}","templated":true}]}}