{"id":646055,"date":"2022-10-19T15:27:05","date_gmt":"2022-10-19T12:27:05","guid":{"rendered":"http:\/\/games.tactic.net\/tuote\/ram-2500-police-pick-up-trailer-boat-2-figures\/"},"modified":"2023-10-20T16:55:13","modified_gmt":"2023-10-20T13:55:13","slug":"ram-2500-police-pick-up-trailer-boat-2-figures","status":"publish","type":"product","link":"https:\/\/games.tactic.net\/da\/tuote\/ram-2500-police-pick-up-trailer-boat-2-figures\/","title":{"rendered":"Bruder Dodge Ram 2500 Police pickup truck, trailer, boat, 2 figures with Light and Sound toy"},"content":{"rendered":"<p>BRUDER-politiet bliver styrket og udvider deres operationsomr\u00e5de til vandet. For at kunne operere p\u00e5 enhver type vand i fremtiden, vil en 4&#215;4 politipickup med b\u00e5d og n\u00f8dudskyder blive tilf\u00f8jet til BRUDER-n\u00f8dtjenesterne. Servicek\u00f8ret\u00f8jet er baseret p\u00e5 den velkendte RAM 2500 og har et lys- og lydmodul monteret p\u00e5 taget. Pr\u00e6cis som det virkelige k\u00f8ret\u00f8j har leget\u00f8jet en mandskabskabine med fire d\u00f8re. Alle d\u00f8re \u00e5bnes for at rumme fire bworld-figurer. Denne model i en skala p\u00e5 1:16 har affjedring p\u00e5 begge aksler for at sikre k\u00f8rekomfort og off-road evne. I denne sammenh\u00e6ng kan forakslen styres ved hj\u00e6lp af det medf\u00f8lgende ratforl\u00e6ngelse. Bagklappen \u00e5bnes for at transportere det under leg. Takket v\u00e6re dens man\u00f8vredygtighed og alsidighed er politib\u00e5den med kontrolkonsol en vigtig hj\u00e6lper i politiets hverdag og tilbyder plads til op til 3 bworld-figurer. BRUDER-politib\u00e5den er naturligvis flydeegnet og udstyret med et rundt lys, s\u00e5 b\u00f8rn kan genopf\u00f8re missioner s\u00e5 t\u00e6t p\u00e5 virkeligheden som muligt. To bworld-figurer fuldender dette omfattende s\u00e6t. Mens politibetjenten er tildelt at kontrollere politik\u00f8ret\u00f8jet og b\u00e5den, s\u00f8rger den fuldt udstyrede politidykker for operationerne i vandet. Som et supplement og en udvidelse af legv\u00e6rdien er bworld-politistationen (varenummer 62732) det perfekte match til dette nye n\u00f8dtjenestek\u00f8ret\u00f8j.<\/p>\n","protected":false},"excerpt":{"rendered":"<p>Bruder RAM 2500 Politipickup, trailer, b\u00e5d, 2 figurer<\/p>\n","protected":false},"featured_media":0,"template":"","meta":{"content-type":"","_monsterinsights_skip_tracking":false,"_monsterinsights_sitenote_active":false,"_monsterinsights_sitenote_note":"","_monsterinsights_sitenote_category":0},"product_brand":[],"product_cat":[1498],"product_tag":[],"brand":[],"target-group":[],"discontinued":[],"class_list":{"0":"post-646055","1":"product","2":"type-product","3":"status-publish","5":"product_cat-bruder-legetoej","7":"first","8":"instock","9":"taxable","10":"shipping-taxable","11":"product-type-simple"},"aioseo_notices":[],"_links":{"self":[{"href":"https:\/\/games.tactic.net\/da\/wp-json\/wp\/v2\/product\/646055","targetHints":{"allow":["GET"]}}],"collection":[{"href":"https:\/\/games.tactic.net\/da\/wp-json\/wp\/v2\/product"}],"about":[{"href":"https:\/\/games.tactic.net\/da\/wp-json\/wp\/v2\/types\/product"}],"wp:attachment":[{"href":"https:\/\/games.tactic.net\/da\/wp-json\/wp\/v2\/media?parent=646055"}],"wp:term":[{"taxonomy":"product_brand","embeddable":true,"href":"https:\/\/games.tactic.net\/da\/wp-json\/wp\/v2\/product_brand?post=646055"},{"taxonomy":"product_cat","embeddable":true,"href":"https:\/\/games.tactic.net\/da\/wp-json\/wp\/v2\/product_cat?post=646055"},{"taxonomy":"product_tag","embeddable":true,"href":"https:\/\/games.tactic.net\/da\/wp-json\/wp\/v2\/product_tag?post=646055"},{"taxonomy":"brand","embeddable":true,"href":"https:\/\/games.tactic.net\/da\/wp-json\/wp\/v2\/brand?post=646055"},{"taxonomy":"target-group","embeddable":true,"href":"https:\/\/games.tactic.net\/da\/wp-json\/wp\/v2\/target-group?post=646055"},{"taxonomy":"discontinued","embeddable":true,"href":"https:\/\/games.tactic.net\/da\/wp-json\/wp\/v2\/discontinued?post=646055"}],"curies":[{"name":"wp","href":"https:\/\/api.w.org\/{rel}","templated":true}]}}