{"id":645996,"date":"2022-10-19T15:26:14","date_gmt":"2022-10-19T12:26:14","guid":{"rendered":"http:\/\/games.tactic.net\/tuote\/john-deere-7r-350\/"},"modified":"2023-10-20T17:08:16","modified_gmt":"2023-10-20T14:08:16","slug":"john-deere-7r-350","status":"publish","type":"product","link":"https:\/\/games.tactic.net\/da\/tuote\/john-deere-7r-350\/","title":{"rendered":"Bruder John Deere 7R 350 traktor leget\u00f8j"},"content":{"rendered":"<p>Moderne landbrug er ut\u00e6nkeligt uden moderne traktorer. John Deere 7R-serien kombinerer lav egenv\u00e6gt med h\u00f8j ydelse \u2013 den er kvik p\u00e5 vejen og st\u00e6rk i marken. BRUDERs model f\u00f8lger mottoet \u201cJust like the real thing\u201d: \u00e5bning af motorhjelm, \u00e5bne d\u00f8re og plads til bworld-figurer i den moderne kabine. Pendulaksel og styreforl\u00e6nger gennem taget giver fremragende styrbarhed og komfort. Kan opgraderes med frontl\u00e6sser (nr. 03333). Alle BRUDER landbrugstrailere passer.<\/p>\n","protected":false},"excerpt":{"rendered":"<p>John Deere 7R traktor \u2013 en vigtig nyhed i BRUDER landbrugstemaet. Udstyret med mange realistiske funktioner \u2013 pr\u00e6cis som i virkeligheden.<\/p>\n","protected":false},"featured_media":0,"template":"","meta":{"content-type":"","_monsterinsights_skip_tracking":false,"_monsterinsights_sitenote_active":false,"_monsterinsights_sitenote_note":"","_monsterinsights_sitenote_category":0},"product_brand":[],"product_cat":[1498],"product_tag":[],"brand":[],"target-group":[],"discontinued":[],"class_list":{"0":"post-645996","1":"product","2":"type-product","3":"status-publish","5":"product_cat-bruder-legetoej","7":"first","8":"instock","9":"taxable","10":"shipping-taxable","11":"product-type-simple"},"aioseo_notices":[],"_links":{"self":[{"href":"https:\/\/games.tactic.net\/da\/wp-json\/wp\/v2\/product\/645996","targetHints":{"allow":["GET"]}}],"collection":[{"href":"https:\/\/games.tactic.net\/da\/wp-json\/wp\/v2\/product"}],"about":[{"href":"https:\/\/games.tactic.net\/da\/wp-json\/wp\/v2\/types\/product"}],"wp:attachment":[{"href":"https:\/\/games.tactic.net\/da\/wp-json\/wp\/v2\/media?parent=645996"}],"wp:term":[{"taxonomy":"product_brand","embeddable":true,"href":"https:\/\/games.tactic.net\/da\/wp-json\/wp\/v2\/product_brand?post=645996"},{"taxonomy":"product_cat","embeddable":true,"href":"https:\/\/games.tactic.net\/da\/wp-json\/wp\/v2\/product_cat?post=645996"},{"taxonomy":"product_tag","embeddable":true,"href":"https:\/\/games.tactic.net\/da\/wp-json\/wp\/v2\/product_tag?post=645996"},{"taxonomy":"brand","embeddable":true,"href":"https:\/\/games.tactic.net\/da\/wp-json\/wp\/v2\/brand?post=645996"},{"taxonomy":"target-group","embeddable":true,"href":"https:\/\/games.tactic.net\/da\/wp-json\/wp\/v2\/target-group?post=645996"},{"taxonomy":"discontinued","embeddable":true,"href":"https:\/\/games.tactic.net\/da\/wp-json\/wp\/v2\/discontinued?post=645996"}],"curies":[{"name":"wp","href":"https:\/\/api.w.org\/{rel}","templated":true}]}}