{"id":645881,"date":"2022-10-19T15:25:14","date_gmt":"2022-10-19T12:25:14","guid":{"rendered":"http:\/\/games.tactic.net\/tuote\/john-deere-7r-350-with-frontloader\/"},"modified":"2023-10-20T17:08:43","modified_gmt":"2023-10-20T14:08:43","slug":"john-deere-7r-350-with-frontloader","status":"publish","type":"product","link":"https:\/\/games.tactic.net\/da\/tuote\/john-deere-7r-350-with-frontloader\/","title":{"rendered":"Bruder John Deere 7R 350 tractor with frontloader toy"},"content":{"rendered":"<p>Moderne landbrug er ikke l\u00e6ngere t\u00e6nkeligt uden moderne traktorer. Da landm\u00e6ndenes arbejde ikke kun er komplekst, men ogs\u00e5 fyldt med udfordringer, har de brug for den rette teknologi. John Deere 7R-seriens traktorer kombinerer lav totalv\u00e6gt med h\u00f8j ydeevne. Denne adr\u00e6tte traktor accelererer ikke kun transporter, men driver ogs\u00e5 enhver operation fremad. Denne vigtige traktor er ny hos BRUDER, hvor den kan findes i landbrugstemaet. Tro mod Bruders motto &#8220;Ligesom det virkelige&#8221;, er traktoren udstyret med mange realistiske detaljer. Motorhjelmen \u00e5bnes og viser den imponerende motor. D\u00f8re kan \u00e5bnes og tilbyder valgfrit tilg\u00e6ngelige bworld-figurer plads i en moderne kabine. Typisk for BRUDER er den fremragende h\u00e5ndterbarhed og k\u00f8rekomforten p\u00e5 grund af den installerede svingaksel samt styreforl\u00e6ngelsen, der kan inds\u00e6ttes gennem det skydbare tag. Den h\u00f8jdejusterbare bageste kobling er kompatibel med alle trailere i Professional-serien, som ogs\u00e5 kan l\u00e6sses med frontl\u00e6sseren. Alle trailere fra BRUDER&#8217;s landbrugssortiment kan monteres p\u00e5 denne traktor.<\/p>\n","protected":false},"excerpt":{"rendered":"<p>Bruder John Deere 7R 350 med frontl\u00e6sser<\/p>\n","protected":false},"featured_media":0,"template":"","meta":{"content-type":"","_monsterinsights_skip_tracking":false,"_monsterinsights_sitenote_active":false,"_monsterinsights_sitenote_note":"","_monsterinsights_sitenote_category":0},"product_brand":[],"product_cat":[1498],"product_tag":[],"brand":[],"target-group":[],"discontinued":[],"class_list":{"0":"post-645881","1":"product","2":"type-product","3":"status-publish","5":"product_cat-bruder-legetoej","7":"first","8":"instock","9":"taxable","10":"shipping-taxable","11":"product-type-simple"},"aioseo_notices":[],"_links":{"self":[{"href":"https:\/\/games.tactic.net\/da\/wp-json\/wp\/v2\/product\/645881","targetHints":{"allow":["GET"]}}],"collection":[{"href":"https:\/\/games.tactic.net\/da\/wp-json\/wp\/v2\/product"}],"about":[{"href":"https:\/\/games.tactic.net\/da\/wp-json\/wp\/v2\/types\/product"}],"wp:attachment":[{"href":"https:\/\/games.tactic.net\/da\/wp-json\/wp\/v2\/media?parent=645881"}],"wp:term":[{"taxonomy":"product_brand","embeddable":true,"href":"https:\/\/games.tactic.net\/da\/wp-json\/wp\/v2\/product_brand?post=645881"},{"taxonomy":"product_cat","embeddable":true,"href":"https:\/\/games.tactic.net\/da\/wp-json\/wp\/v2\/product_cat?post=645881"},{"taxonomy":"product_tag","embeddable":true,"href":"https:\/\/games.tactic.net\/da\/wp-json\/wp\/v2\/product_tag?post=645881"},{"taxonomy":"brand","embeddable":true,"href":"https:\/\/games.tactic.net\/da\/wp-json\/wp\/v2\/brand?post=645881"},{"taxonomy":"target-group","embeddable":true,"href":"https:\/\/games.tactic.net\/da\/wp-json\/wp\/v2\/target-group?post=645881"},{"taxonomy":"discontinued","embeddable":true,"href":"https:\/\/games.tactic.net\/da\/wp-json\/wp\/v2\/discontinued?post=645881"}],"curies":[{"name":"wp","href":"https:\/\/api.w.org\/{rel}","templated":true}]}}