{"id":645710,"date":"2022-10-19T15:24:23","date_gmt":"2022-10-19T12:24:23","guid":{"rendered":"http:\/\/games.tactic.net\/tuote\/john-deere-7r-350-forestry-trailer-4-trunks\/"},"modified":"2023-10-20T17:09:06","modified_gmt":"2023-10-20T14:09:06","slug":"john-deere-7r-350-forestry-trailer-4-trunks","status":"publish","type":"product","link":"https:\/\/games.tactic.net\/da\/tuote\/john-deere-7r-350-forestry-trailer-4-trunks\/","title":{"rendered":"Bruder John Deere 7R 350 tractor with forestry trailer and 4 trunks toy"},"content":{"rendered":"<p>Moderne landbrug er ikke l\u00e6ngere t\u00e6nkeligt uden moderne traktorer. Da landm\u00e6ndenes arbejde ikke kun er komplekst, men ogs\u00e5 fyldt med udfordringer, har de brug for den rigtige teknologi. John Deere 7R-seriens traktorer kombinerer en lav totalv\u00e6gt med h\u00f8j ydeevne. Denne vigtige traktor er ny hos BRUDER, hvor den kan findes i landbrugets temaverden. Tro mod Bruders motto &#8220;Ligesom den \u00e6gte vare&#8221; er traktoren udstyret med mange realistiske detaljer. Motorhjelmen \u00e5bnes og viser den imponerende motor. D\u00f8re kan \u00e5bnes og tilbyder bworld figurer plads i en moderne kabine. Typisk for BRUDER er den fremragende styrbarhed og k\u00f8rekomfort p\u00e5 grund af den installerede oscillerende aksel samt styreforl\u00e6ngelsen, der kan f\u00f8res ind gennem skydetaget. Denne kombination er allerede udstyret med fire tr\u00e6stammer og inkluderer den funktionelle skovningstrailer. Modellen har en roterende og drejelig l\u00e6ssekran, som ikke kun kan transportere tr\u00e6stammerne, men ogs\u00e5 kan l\u00e6sse og losse dem. Med justerbare stolper inviterer den moderne skovvogn straks til leg. Andre trailere fra BRUDERs landbrugssortiment kan ogs\u00e5 monteres p\u00e5 denne traktor.<\/p>\n","protected":false},"excerpt":{"rendered":"<p>Bruder John Deere 7R 350 traktor med skovvogn og 4 tr\u00e6stammer.<\/p>\n","protected":false},"featured_media":0,"template":"","meta":{"content-type":"","_monsterinsights_skip_tracking":false,"_monsterinsights_sitenote_active":false,"_monsterinsights_sitenote_note":"","_monsterinsights_sitenote_category":0},"product_brand":[],"product_cat":[1498],"product_tag":[],"brand":[],"target-group":[],"discontinued":[],"class_list":{"0":"post-645710","1":"product","2":"type-product","3":"status-publish","5":"product_cat-bruder-legetoej","7":"first","8":"instock","9":"taxable","10":"shipping-taxable","11":"product-type-simple"},"aioseo_notices":[],"_links":{"self":[{"href":"https:\/\/games.tactic.net\/da\/wp-json\/wp\/v2\/product\/645710","targetHints":{"allow":["GET"]}}],"collection":[{"href":"https:\/\/games.tactic.net\/da\/wp-json\/wp\/v2\/product"}],"about":[{"href":"https:\/\/games.tactic.net\/da\/wp-json\/wp\/v2\/types\/product"}],"wp:attachment":[{"href":"https:\/\/games.tactic.net\/da\/wp-json\/wp\/v2\/media?parent=645710"}],"wp:term":[{"taxonomy":"product_brand","embeddable":true,"href":"https:\/\/games.tactic.net\/da\/wp-json\/wp\/v2\/product_brand?post=645710"},{"taxonomy":"product_cat","embeddable":true,"href":"https:\/\/games.tactic.net\/da\/wp-json\/wp\/v2\/product_cat?post=645710"},{"taxonomy":"product_tag","embeddable":true,"href":"https:\/\/games.tactic.net\/da\/wp-json\/wp\/v2\/product_tag?post=645710"},{"taxonomy":"brand","embeddable":true,"href":"https:\/\/games.tactic.net\/da\/wp-json\/wp\/v2\/brand?post=645710"},{"taxonomy":"target-group","embeddable":true,"href":"https:\/\/games.tactic.net\/da\/wp-json\/wp\/v2\/target-group?post=645710"},{"taxonomy":"discontinued","embeddable":true,"href":"https:\/\/games.tactic.net\/da\/wp-json\/wp\/v2\/discontinued?post=645710"}],"curies":[{"name":"wp","href":"https:\/\/api.w.org\/{rel}","templated":true}]}}