{"id":645595,"date":"2022-10-19T15:23:03","date_gmt":"2022-10-19T12:23:03","guid":{"rendered":"http:\/\/games.tactic.net\/tuote\/john-deere-7r-350-with-frontloadertipping-trailer\/"},"modified":"2023-10-20T17:09:31","modified_gmt":"2023-10-20T14:09:31","slug":"john-deere-7r-350-with-frontloadertipping-trailer","status":"publish","type":"product","link":"https:\/\/games.tactic.net\/da\/tuote\/john-deere-7r-350-with-frontloadertipping-trailer\/","title":{"rendered":"Bruder John Deere 7R 350 tractor with frontloader and tipping trailer toy"},"content":{"rendered":"<p>Moderne landbrug er ikke l\u00e6ngere t\u00e6nkeligt uden moderne traktorer. Da landm\u00e6ndenes arbejde ikke kun er komplekst, men ogs\u00e5 fyldt med udfordringer, har de brug for den rigtige teknologi. John Deere 7R-seriens traktorer kombinerer en lav totalv\u00e6gt med h\u00f8j ydeevne. Denne traktor kan findes i landbrugets temaverden. Tro mod Bruders motto &#8220;Ligesom den \u00e6gte vare&#8221; er traktoren udstyret med mange realistiske detaljer. Motorhjelmen \u00e5bnes og viser den imponerende motor. D\u00f8re kan \u00e5bnes og tilbyde bworld figurer plads i en moderne kabine. Typisk for BRUDER er den fremragende styrbarhed og k\u00f8rekomfort p\u00e5 grund af den installerede oscillerende aksel samt styreforl\u00e6ngelsen, der kan f\u00f8res ind gennem skydetaget. Dette s\u00e6t har ogs\u00e5 en tandemakseltrailer i John Deere-farver. Traileren har en vippefunktion. De \u00f8verste sidepaneler kan fjernes og de nederste sidepaneler kan \u00e5bnes til 3 sider. Takket v\u00e6re traktorens h\u00f8jdejusterbare bagkobling kan alle andre trailere i landbrugets temaverden dog ogs\u00e5 bruges og kan ogs\u00e5 l\u00e6sses samtidig med den eksisterende frontl\u00e6sser.<\/p>\n","protected":false},"excerpt":{"rendered":"<p>Bruder John Deere 7R 350 traktor med frontl\u00e6sser og tiptrailer<\/p>\n","protected":false},"featured_media":0,"template":"","meta":{"content-type":"","_monsterinsights_skip_tracking":false,"_monsterinsights_sitenote_active":false,"_monsterinsights_sitenote_note":"","_monsterinsights_sitenote_category":0},"product_brand":[],"product_cat":[1498],"product_tag":[],"brand":[],"target-group":[],"discontinued":[],"class_list":{"0":"post-645595","1":"product","2":"type-product","3":"status-publish","5":"product_cat-bruder-legetoej","7":"first","8":"instock","9":"taxable","10":"shipping-taxable","11":"product-type-simple"},"aioseo_notices":[],"_links":{"self":[{"href":"https:\/\/games.tactic.net\/da\/wp-json\/wp\/v2\/product\/645595","targetHints":{"allow":["GET"]}}],"collection":[{"href":"https:\/\/games.tactic.net\/da\/wp-json\/wp\/v2\/product"}],"about":[{"href":"https:\/\/games.tactic.net\/da\/wp-json\/wp\/v2\/types\/product"}],"wp:attachment":[{"href":"https:\/\/games.tactic.net\/da\/wp-json\/wp\/v2\/media?parent=645595"}],"wp:term":[{"taxonomy":"product_brand","embeddable":true,"href":"https:\/\/games.tactic.net\/da\/wp-json\/wp\/v2\/product_brand?post=645595"},{"taxonomy":"product_cat","embeddable":true,"href":"https:\/\/games.tactic.net\/da\/wp-json\/wp\/v2\/product_cat?post=645595"},{"taxonomy":"product_tag","embeddable":true,"href":"https:\/\/games.tactic.net\/da\/wp-json\/wp\/v2\/product_tag?post=645595"},{"taxonomy":"brand","embeddable":true,"href":"https:\/\/games.tactic.net\/da\/wp-json\/wp\/v2\/brand?post=645595"},{"taxonomy":"target-group","embeddable":true,"href":"https:\/\/games.tactic.net\/da\/wp-json\/wp\/v2\/target-group?post=645595"},{"taxonomy":"discontinued","embeddable":true,"href":"https:\/\/games.tactic.net\/da\/wp-json\/wp\/v2\/discontinued?post=645595"}],"curies":[{"name":"wp","href":"https:\/\/api.w.org\/{rel}","templated":true}]}}