{"id":645452,"date":"2022-10-19T15:22:11","date_gmt":"2022-10-19T12:22:11","guid":{"rendered":"http:\/\/games.tactic.net\/tuote\/bruder-dump-truck\/"},"modified":"2024-10-28T09:31:41","modified_gmt":"2024-10-28T07:31:41","slug":"bruder-dump-truck","status":"archive","type":"product","link":"https:\/\/games.tactic.net\/da\/tuote\/bruder-dump-truck\/","title":{"rendered":"Bruder Dump Truck toy"},"content":{"rendered":"<p>BRUDER-temaverdenen af \u200b\u200bbyggek\u00f8ret\u00f8jer er enormt popul\u00e6r, da leget\u00f8jet er ekstremt detaljeret og udstyret med omfattende funktioner. Med den nye dumper tilbyder BRUDER en fantastisk dumper til b\u00f8rn fra 2 \u00e5r og derover. Modellen har et detaljeret f\u00f8rerhus og er udstyret med kn\u00e6kstyring.<\/p>\n","protected":false},"excerpt":{"rendered":"<p>Bruder Lastbil Dumper &#8211; hvid<br \/>\nvelegnet til b\u00f8rn fra 2 \u00e5r<\/p>\n","protected":false},"featured_media":0,"template":"","meta":{"content-type":"","_monsterinsights_skip_tracking":false,"_monsterinsights_sitenote_active":false,"_monsterinsights_sitenote_note":"","_monsterinsights_sitenote_category":0},"product_brand":[],"product_cat":[1498],"product_tag":[],"brand":[],"target-group":[],"discontinued":[],"class_list":{"0":"post-645452","1":"product","2":"type-product","3":"status-archive","5":"product_cat-bruder-legetoej","7":"first","8":"outofstock","9":"taxable","10":"shipping-taxable","11":"product-type-simple"},"aioseo_notices":[],"_links":{"self":[{"href":"https:\/\/games.tactic.net\/da\/wp-json\/wp\/v2\/product\/645452","targetHints":{"allow":["GET"]}}],"collection":[{"href":"https:\/\/games.tactic.net\/da\/wp-json\/wp\/v2\/product"}],"about":[{"href":"https:\/\/games.tactic.net\/da\/wp-json\/wp\/v2\/types\/product"}],"wp:attachment":[{"href":"https:\/\/games.tactic.net\/da\/wp-json\/wp\/v2\/media?parent=645452"}],"wp:term":[{"taxonomy":"product_brand","embeddable":true,"href":"https:\/\/games.tactic.net\/da\/wp-json\/wp\/v2\/product_brand?post=645452"},{"taxonomy":"product_cat","embeddable":true,"href":"https:\/\/games.tactic.net\/da\/wp-json\/wp\/v2\/product_cat?post=645452"},{"taxonomy":"product_tag","embeddable":true,"href":"https:\/\/games.tactic.net\/da\/wp-json\/wp\/v2\/product_tag?post=645452"},{"taxonomy":"brand","embeddable":true,"href":"https:\/\/games.tactic.net\/da\/wp-json\/wp\/v2\/brand?post=645452"},{"taxonomy":"target-group","embeddable":true,"href":"https:\/\/games.tactic.net\/da\/wp-json\/wp\/v2\/target-group?post=645452"},{"taxonomy":"discontinued","embeddable":true,"href":"https:\/\/games.tactic.net\/da\/wp-json\/wp\/v2\/discontinued?post=645452"}],"curies":[{"name":"wp","href":"https:\/\/api.w.org\/{rel}","templated":true}]}}