{"id":645364,"date":"2022-10-19T15:21:24","date_gmt":"2022-10-19T12:21:24","guid":{"rendered":"http:\/\/games.tactic.net\/tuote\/bworld-cow-and-calf-barn-with-farmer\/"},"modified":"2023-10-11T09:28:24","modified_gmt":"2023-10-11T06:28:24","slug":"bworld-cow-and-calf-barn-with-farmer","status":"publish","type":"product","link":"https:\/\/games.tactic.net\/da\/tuote\/bworld-cow-and-calf-barn-with-farmer\/","title":{"rendered":"Bruder bworld Cow and Calf Barn with farmer toy"},"content":{"rendered":"<p>bworld er BRUDER&#8217;s leget\u00f8jsverden. Den best\u00e5r af bev\u00e6gelige figurer, dyr, tilbeh\u00f8r og senest ogs\u00e5 temas\u00e6t og er tildelt de velkendte BRUDER-kategorier. Hvad enten det er som chauff\u00f8r, rytter, vandsportsentusiast eller p\u00e5 hospitalsafdelingen eller motorcykelv\u00e6rkstedet, giver bworld-varer timevis af sjov til de detaljerede k\u00f8ret\u00f8jer. Med de nye temas\u00e6t kan du dykke endnu dybere ned i Bruders verden. Trykte v\u00e6gelementer med lette at montere justerbare f\u00f8dder skaber nu baggrunden for endnu mere realistisk leg, og det nye reolsystem muligg\u00f8r interaktion med elementerne. <\/p>\n<p>Ud over de allerede kendte k\u00f8er og tyre er der nu en matchende kalv i Bruder-sortimentet. Det splinternye bworld ko- og kalveskur temas\u00e6t indeholder en moderne stald til koen med fodertrug og massageb\u00f8rster. Der medf\u00f8lger en kalveboks med drikkespand til sikker ophold af kalven. Begge dyr bliver passet godt af landmanden, som ogs\u00e5 er med, som bruger trilleb\u00f8re og tilbeh\u00f8r til b\u00e5de at fodre og g\u00f8re skuret rent. Som en tilf\u00f8jelse til Claas Nectis 267F med frontl\u00e6sser og bagklapsanh\u00e6nger (varenr. 02112) er det omfattende landbrugsprogram fra Bruder og Sch\u00e4ffer-g\u00e5rdsl\u00e6sseren med ballegriber og rundballer (varenr. 02192) det perfekte match.<\/p>\n","protected":false},"excerpt":{"rendered":"<p>Bruder bworld Ko- og kalvestald med bonde figur<\/p>\n","protected":false},"featured_media":0,"template":"","meta":{"content-type":"","_monsterinsights_skip_tracking":false,"_monsterinsights_sitenote_active":false,"_monsterinsights_sitenote_note":"","_monsterinsights_sitenote_category":0},"product_brand":[],"product_cat":[1498],"product_tag":[],"brand":[],"target-group":[],"discontinued":[],"class_list":{"0":"post-645364","1":"product","2":"type-product","3":"status-publish","5":"product_cat-bruder-legetoej","7":"first","8":"instock","9":"taxable","10":"shipping-taxable","11":"product-type-simple"},"aioseo_notices":[],"_links":{"self":[{"href":"https:\/\/games.tactic.net\/da\/wp-json\/wp\/v2\/product\/645364","targetHints":{"allow":["GET"]}}],"collection":[{"href":"https:\/\/games.tactic.net\/da\/wp-json\/wp\/v2\/product"}],"about":[{"href":"https:\/\/games.tactic.net\/da\/wp-json\/wp\/v2\/types\/product"}],"wp:attachment":[{"href":"https:\/\/games.tactic.net\/da\/wp-json\/wp\/v2\/media?parent=645364"}],"wp:term":[{"taxonomy":"product_brand","embeddable":true,"href":"https:\/\/games.tactic.net\/da\/wp-json\/wp\/v2\/product_brand?post=645364"},{"taxonomy":"product_cat","embeddable":true,"href":"https:\/\/games.tactic.net\/da\/wp-json\/wp\/v2\/product_cat?post=645364"},{"taxonomy":"product_tag","embeddable":true,"href":"https:\/\/games.tactic.net\/da\/wp-json\/wp\/v2\/product_tag?post=645364"},{"taxonomy":"brand","embeddable":true,"href":"https:\/\/games.tactic.net\/da\/wp-json\/wp\/v2\/brand?post=645364"},{"taxonomy":"target-group","embeddable":true,"href":"https:\/\/games.tactic.net\/da\/wp-json\/wp\/v2\/target-group?post=645364"},{"taxonomy":"discontinued","embeddable":true,"href":"https:\/\/games.tactic.net\/da\/wp-json\/wp\/v2\/discontinued?post=645364"}],"curies":[{"name":"wp","href":"https:\/\/api.w.org\/{rel}","templated":true}]}}