{"id":645249,"date":"2022-10-19T15:17:08","date_gmt":"2022-10-19T12:17:08","guid":{"rendered":"http:\/\/games.tactic.net\/tuote\/claas-axion-950-with-frontloader\/"},"modified":"2023-10-20T15:40:01","modified_gmt":"2023-10-20T12:40:01","slug":"claas-axion-950-with-frontloader","status":"publish","type":"product","link":"https:\/\/games.tactic.net\/da\/tuote\/claas-axion-950-with-frontloader\/","title":{"rendered":"Bruder Claas Axion 950 tractor with frontloader toy"},"content":{"rendered":"<p>Claas Axion 950, her udstyret med en slip-on frontl\u00e6sser, er den nyeste og innovative model fra denne traktorproducent. Denne topmodel er kendetegnet ved en lang akselafstand, overlegen v\u00e6gtfordeling og betjening s\u00e5 bekvem som aldrig f\u00f8r &#8211; denne model i en skala p\u00e5 1:16 klarer det hele. F\u00f8rerhuset har d\u00f8re, der er lette at \u00e5bne. Den sammenklappelige motorhjelm giver udsigt til den imponerende motor. Fremragende h\u00e5ndtering og k\u00f8rekomfort takket v\u00e6re den installerede oscillerende aksel samt ratforl\u00e6ngeren, der f\u00f8res ind gennem taget. Den h\u00f8jdejusterbare bagkobling er kompatibel med alle trailere i Professional-serien, som ogs\u00e5 kan l\u00e6sses med slip-on frontl\u00e6sseren. K\u00f8ret\u00f8jet har aftagelige hjul.<\/p>\n","protected":false},"excerpt":{"rendered":"<p>Bruder Claas Axion 950 traktor med front l\u00e6sser<\/p>\n","protected":false},"featured_media":0,"template":"","meta":{"content-type":"","_monsterinsights_skip_tracking":false,"_monsterinsights_sitenote_active":false,"_monsterinsights_sitenote_note":"","_monsterinsights_sitenote_category":0},"product_brand":[],"product_cat":[1498],"product_tag":[],"brand":[],"target-group":[],"discontinued":[],"class_list":{"0":"post-645249","1":"product","2":"type-product","3":"status-publish","5":"product_cat-bruder-legetoej","7":"first","8":"instock","9":"taxable","10":"shipping-taxable","11":"product-type-simple"},"aioseo_notices":[],"_links":{"self":[{"href":"https:\/\/games.tactic.net\/da\/wp-json\/wp\/v2\/product\/645249","targetHints":{"allow":["GET"]}}],"collection":[{"href":"https:\/\/games.tactic.net\/da\/wp-json\/wp\/v2\/product"}],"about":[{"href":"https:\/\/games.tactic.net\/da\/wp-json\/wp\/v2\/types\/product"}],"wp:attachment":[{"href":"https:\/\/games.tactic.net\/da\/wp-json\/wp\/v2\/media?parent=645249"}],"wp:term":[{"taxonomy":"product_brand","embeddable":true,"href":"https:\/\/games.tactic.net\/da\/wp-json\/wp\/v2\/product_brand?post=645249"},{"taxonomy":"product_cat","embeddable":true,"href":"https:\/\/games.tactic.net\/da\/wp-json\/wp\/v2\/product_cat?post=645249"},{"taxonomy":"product_tag","embeddable":true,"href":"https:\/\/games.tactic.net\/da\/wp-json\/wp\/v2\/product_tag?post=645249"},{"taxonomy":"brand","embeddable":true,"href":"https:\/\/games.tactic.net\/da\/wp-json\/wp\/v2\/brand?post=645249"},{"taxonomy":"target-group","embeddable":true,"href":"https:\/\/games.tactic.net\/da\/wp-json\/wp\/v2\/target-group?post=645249"},{"taxonomy":"discontinued","embeddable":true,"href":"https:\/\/games.tactic.net\/da\/wp-json\/wp\/v2\/discontinued?post=645249"}],"curies":[{"name":"wp","href":"https:\/\/api.w.org\/{rel}","templated":true}]}}