{"id":640230,"date":"2022-10-13T16:05:42","date_gmt":"2022-10-13T13:05:42","guid":{"rendered":"http:\/\/games.tactic.net\/tuote\/laer-om-at-laese\/"},"modified":"2023-10-17T19:22:53","modified_gmt":"2023-10-17T16:22:53","slug":"laer-om-at-laese","status":"publish","type":"product","link":"https:\/\/games.tactic.net\/da\/tuote\/laer-om-at-laese\/","title":{"rendered":"Tactic L\u00e6r om At l\u00e6se"},"content":{"rendered":"<p>Hvem er den s\u00f8deste? Du finder ikke et s\u00f8dere spil. Disse kort er fulde af nuttede pelsbolde og s\u00f8de sm\u00e5 v\u00e6sener. Sammenlign de nuttede og krammesyge v\u00e6sener og vind kortene ved at have de h\u00f8jeste v\u00e6rdier. Hvert kort indeholder en simpel s\u00e6tning, der opfordrer de unge spillere til at l\u00e6se.<\/p>\n","protected":false},"excerpt":{"rendered":"<p>Hvem er den s\u00f8deste? Du finder ikke et s\u00f8dere spil. Disse kort er fulde af nuttede pelsbolde og s\u00f8de sm\u00e5 v\u00e6sener. Sammenlign de nuttede og krammesyge v\u00e6sener og vind kortene ved at have de h\u00f8jeste v\u00e6rdier. Hvert kort indeholder en simpel s\u00e6tning, der opfordrer de unge spillere til at l\u00e6se.<\/p>\n","protected":false},"featured_media":0,"template":"","meta":{"content-type":"","_monsterinsights_skip_tracking":false,"_monsterinsights_sitenote_active":false,"_monsterinsights_sitenote_note":"","_monsterinsights_sitenote_category":0},"product_brand":[],"product_cat":[1590],"product_tag":[1256],"brand":[{"id":859,"name":"Let's Learn","slug":"letslearn-da"}],"target-group":[],"discontinued":[],"class_list":{"0":"post-640230","1":"product","2":"type-product","3":"status-publish","5":"product_cat-laeringsspil","6":"product_tag-paedagogisk-da","7":"brand-letslearn-da","9":"first","10":"instock","11":"taxable","12":"shipping-taxable","13":"product-type-simple"},"aioseo_notices":[],"_links":{"self":[{"href":"https:\/\/games.tactic.net\/da\/wp-json\/wp\/v2\/product\/640230","targetHints":{"allow":["GET"]}}],"collection":[{"href":"https:\/\/games.tactic.net\/da\/wp-json\/wp\/v2\/product"}],"about":[{"href":"https:\/\/games.tactic.net\/da\/wp-json\/wp\/v2\/types\/product"}],"wp:attachment":[{"href":"https:\/\/games.tactic.net\/da\/wp-json\/wp\/v2\/media?parent=640230"}],"wp:term":[{"taxonomy":"product_brand","embeddable":true,"href":"https:\/\/games.tactic.net\/da\/wp-json\/wp\/v2\/product_brand?post=640230"},{"taxonomy":"product_cat","embeddable":true,"href":"https:\/\/games.tactic.net\/da\/wp-json\/wp\/v2\/product_cat?post=640230"},{"taxonomy":"product_tag","embeddable":true,"href":"https:\/\/games.tactic.net\/da\/wp-json\/wp\/v2\/product_tag?post=640230"},{"taxonomy":"brand","embeddable":true,"href":"https:\/\/games.tactic.net\/da\/wp-json\/wp\/v2\/brand?post=640230"},{"taxonomy":"target-group","embeddable":true,"href":"https:\/\/games.tactic.net\/da\/wp-json\/wp\/v2\/target-group?post=640230"},{"taxonomy":"discontinued","embeddable":true,"href":"https:\/\/games.tactic.net\/da\/wp-json\/wp\/v2\/discontinued?post=640230"}],"curies":[{"name":"wp","href":"https:\/\/api.w.org\/{rel}","templated":true}]}}