{"id":632795,"date":"2022-09-26T13:31:31","date_gmt":"2022-09-26T10:31:31","guid":{"rendered":"http:\/\/games.tactic.net\/tuote\/skattejagt-paa-abeoeen\/"},"modified":"2023-10-25T13:56:41","modified_gmt":"2023-10-25T10:56:41","slug":"skattejagt-paa-abeoeen","status":"publish","type":"product","link":"https:\/\/games.tactic.net\/da\/tuote\/skattejagt-paa-abeoeen\/","title":{"rendered":"Tactic Skattejagt p\u00e5 Abe\u00f8en"},"content":{"rendered":"<p>Fang skatten, f\u00f8r kaptajnen fanger dig. En piratkaptajn har samlet en stor skat som de irriterende aber vil have. Bev\u00e6g dig rundt p\u00e5 spillepladen, pr\u00f8v om du kan komme op til kaptajnens hule og stj\u00e6l s\u00e5 mange m\u00f8nter som du kan. Men v\u00e6r forsigtig, for kaptajnen vil ikke dele.<\/p>\n","protected":false},"excerpt":{"rendered":"<p>Fang skatten, f\u00f8r kaptajnen fanger dig. En piratkaptajn har samlet en stor skat som de irriterende aber vil have. Bev\u00e6g dig rundt p\u00e5 spillepladen, pr\u00f8v om du kan komme op til kaptajnens hule og stj\u00e6l s\u00e5 mange m\u00f8nter som du kan. Men v\u00e6r forsigtig, for kaptajnen vil ikke dele.<\/p>\n","protected":false},"featured_media":0,"template":"","meta":{"content-type":"","_monsterinsights_skip_tracking":false,"_monsterinsights_sitenote_active":false,"_monsterinsights_sitenote_note":"","_monsterinsights_sitenote_category":0},"product_brand":[],"product_cat":[1574],"product_tag":[969],"brand":[],"target-group":[],"discontinued":[],"class_list":{"0":"post-632795","1":"product","2":"type-product","3":"status-publish","5":"product_cat-boerne-braetspil","6":"product_tag-tidsfordriv-2","8":"first","9":"instock","10":"taxable","11":"shipping-taxable","12":"product-type-simple"},"aioseo_notices":[],"_links":{"self":[{"href":"https:\/\/games.tactic.net\/da\/wp-json\/wp\/v2\/product\/632795","targetHints":{"allow":["GET"]}}],"collection":[{"href":"https:\/\/games.tactic.net\/da\/wp-json\/wp\/v2\/product"}],"about":[{"href":"https:\/\/games.tactic.net\/da\/wp-json\/wp\/v2\/types\/product"}],"wp:attachment":[{"href":"https:\/\/games.tactic.net\/da\/wp-json\/wp\/v2\/media?parent=632795"}],"wp:term":[{"taxonomy":"product_brand","embeddable":true,"href":"https:\/\/games.tactic.net\/da\/wp-json\/wp\/v2\/product_brand?post=632795"},{"taxonomy":"product_cat","embeddable":true,"href":"https:\/\/games.tactic.net\/da\/wp-json\/wp\/v2\/product_cat?post=632795"},{"taxonomy":"product_tag","embeddable":true,"href":"https:\/\/games.tactic.net\/da\/wp-json\/wp\/v2\/product_tag?post=632795"},{"taxonomy":"brand","embeddable":true,"href":"https:\/\/games.tactic.net\/da\/wp-json\/wp\/v2\/brand?post=632795"},{"taxonomy":"target-group","embeddable":true,"href":"https:\/\/games.tactic.net\/da\/wp-json\/wp\/v2\/target-group?post=632795"},{"taxonomy":"discontinued","embeddable":true,"href":"https:\/\/games.tactic.net\/da\/wp-json\/wp\/v2\/discontinued?post=632795"}],"curies":[{"name":"wp","href":"https:\/\/api.w.org\/{rel}","templated":true}]}}